{"id":2876,"date":"2023-10-02T11:17:18","date_gmt":"2023-10-02T08:17:18","guid":{"rendered":"http:\/\/certo.inoe.ro\/test\/?page_id=2876"},"modified":"2023-10-02T11:25:10","modified_gmt":"2023-10-02T08:25:10","slug":"art4art-2","status":"publish","type":"page","link":"https:\/\/certo.inoe.ro\/test\/ro\/acasa\/laboratoare\/art4art-2\/","title":{"rendered":"ART4ART"},"content":{"rendered":"<p>[et_pb_section fb_built=&#8221;1&#8243; _builder_version=&#8221;4.16&#8243; global_colors_info=&#8221;{}&#8221;][et_pb_row _builder_version=&#8221;4.16&#8243; hover_enabled=&#8221;0&#8243; global_colors_info=&#8221;{}&#8221; sticky_enabled=&#8221;0&#8243;][et_pb_column type=&#8221;4_4&#8243; _builder_version=&#8221;4.16&#8243; custom_padding=&#8221;|||&#8221; global_colors_info=&#8221;{}&#8221; custom_padding__hover=&#8221;|||&#8221;][et_pb_text _builder_version=&#8221;4.21.0&#8243; hover_enabled=&#8221;0&#8243; global_colors_info=&#8221;{}&#8221; sticky_enabled=&#8221;0&#8243;]<\/p>\n<h1>ART4ART &#8211; laborator mobil<\/h1>\n<p>[\/et_pb_text][\/et_pb_column][\/et_pb_row][et_pb_row _builder_version=&#8221;4.16&#8243; global_colors_info=&#8221;{}&#8221; column_structure=&#8221;1_2,1_2&#8243;][et_pb_column type=&#8221;1_2&#8243; _builder_version=&#8221;4.16&#8243; custom_padding=&#8221;|||&#8221; global_colors_info=&#8221;{}&#8221; custom_padding__hover=&#8221;|||&#8221;][et_pb_text _builder_version=&#8221;4.21.0&#8243; hover_enabled=&#8221;0&#8243; global_colors_info=&#8221;{}&#8221; sticky_enabled=&#8221;0&#8243;]<\/p>\n<h2>Grup \u021bint\u0103<\/h2>\n<ul>\n<li>Inspec\u021bie<\/li>\n<li>Protocol de interven\u021bie<\/li>\n<li>Strategia de conservare<\/li>\n<li>Caracterizarea materialului<\/li>\n<li>Studiul istoricului interven\u021biilor<\/li>\n<li>Brokeri de art\u0103 \u0219i companii de asigur\u0103ri<\/li>\n<\/ul>\n<p>[\/et_pb_text][\/et_pb_column][et_pb_column type=&#8221;1_2&#8243; _builder_version=&#8221;4.16&#8243; custom_padding=&#8221;|||&#8221; global_colors_info=&#8221;{}&#8221; custom_padding__hover=&#8221;|||&#8221;][et_pb_text _builder_version=&#8221;4.21.0&#8243; hover_enabled=&#8221;0&#8243; global_colors_info=&#8221;{}&#8221; sticky_enabled=&#8221;0&#8243;]<\/p>\n<h2>Avantaje<\/h2>\n<ul>\n<li>F\u0103r\u0103 contact<\/li>\n<li>Control la distan\u021b\u0103<\/li>\n<li>Date asociative<\/li>\n<li>Non\/micro-invaziv<\/li>\n<li>Generator propriu de energie<\/li>\n<li>Transportabil\/portabil<\/li>\n<li>Interven\u021bii reversibile<\/li>\n<li>Func\u021bioneaz\u0103 at\u00e2t online, c\u00e2t \u0219i offline<\/li>\n<li>Gestionarea \u0219i stocarea datelor in situ<\/li>\n<li>Respect\u0103 standardele Comitetului European de Standardizare<\/li>\n<li>Pachete de monitorizare \u0219i caracterizare in situ<\/li>\n<\/ul>\n<p>[\/et_pb_text][\/et_pb_column][\/et_pb_row][et_pb_row _builder_version=&#8221;4.16&#8243; global_colors_info=&#8221;{}&#8221;][et_pb_column type=&#8221;4_4&#8243; _builder_version=&#8221;4.16&#8243; custom_padding=&#8221;|||&#8221; global_colors_info=&#8221;{}&#8221; custom_padding__hover=&#8221;|||&#8221;][et_pb_image src=&#8221;http:\/\/certo.inoe.ro\/test\/wp-content\/uploads\/2019\/03\/art4art_concept.jpg&#8221; align_tablet=&#8221;center&#8221; align_last_edited=&#8221;on|desktop&#8221; _builder_version=&#8221;4.21.0&#8243; hover_enabled=&#8221;0&#8243; global_colors_info=&#8221;{}&#8221; sticky_enabled=&#8221;0&#8243; align_phone=&#8221;center&#8221;][\/et_pb_image][\/et_pb_column][\/et_pb_row][et_pb_row _builder_version=&#8221;4.16&#8243; global_colors_info=&#8221;{}&#8221;][et_pb_column type=&#8221;4_4&#8243; _builder_version=&#8221;4.16&#8243; custom_padding=&#8221;|||&#8221; global_colors_info=&#8221;{}&#8221; custom_padding__hover=&#8221;|||&#8221;][\/et_pb_column][\/et_pb_row][\/et_pb_section]<\/p>\n","protected":false},"excerpt":{"rendered":"<p>ART4ART &#8211; laborator mobilGrup \u021bint\u0103 Inspec\u021bie Protocol de interven\u021bie Strategia de conservare Caracterizarea materialului Studiul istoricului interven\u021biilor Brokeri de art\u0103 \u0219i companii de asigur\u0103ri Avantaje F\u0103r\u0103 contact Control la distan\u021b\u0103 Date asociative Non\/micro-invaziv Generator propriu de energie Transportabil\/portabil Interven\u021bii reversibile Func\u021bioneaz\u0103 at\u00e2t online, c\u00e2t \u0219i offline Gestionarea \u0219i stocarea datelor in situ Respect\u0103 standardele Comitetului [&hellip;]<\/p>\n","protected":false},"author":1,"featured_media":0,"parent":2830,"menu_order":0,"comment_status":"closed","ping_status":"closed","template":"","meta":{"_et_pb_use_builder":"on","_et_pb_old_content":"","_et_gb_content_width":"","jetpack_post_was_ever_published":false,"footnotes":""},"jetpack_sharing_enabled":true,"jetpack_shortlink":"https:\/\/wp.me\/PaKFbv-Ko","_links":{"self":[{"href":"https:\/\/certo.inoe.ro\/test\/wp-json\/wp\/v2\/pages\/2876"}],"collection":[{"href":"https:\/\/certo.inoe.ro\/test\/wp-json\/wp\/v2\/pages"}],"about":[{"href":"https:\/\/certo.inoe.ro\/test\/wp-json\/wp\/v2\/types\/page"}],"author":[{"embeddable":true,"href":"https:\/\/certo.inoe.ro\/test\/wp-json\/wp\/v2\/users\/1"}],"replies":[{"embeddable":true,"href":"https:\/\/certo.inoe.ro\/test\/wp-json\/wp\/v2\/comments?post=2876"}],"version-history":[{"count":2,"href":"https:\/\/certo.inoe.ro\/test\/wp-json\/wp\/v2\/pages\/2876\/revisions"}],"predecessor-version":[{"id":2879,"href":"https:\/\/certo.inoe.ro\/test\/wp-json\/wp\/v2\/pages\/2876\/revisions\/2879"}],"up":[{"embeddable":true,"href":"https:\/\/certo.inoe.ro\/test\/wp-json\/wp\/v2\/pages\/2830"}],"wp:attachment":[{"href":"https:\/\/certo.inoe.ro\/test\/wp-json\/wp\/v2\/media?parent=2876"}],"curies":[{"name":"wp","href":"https:\/\/api.w.org\/{rel}","templated":true}]}}