{"id":2868,"date":"2023-10-02T10:28:59","date_gmt":"2023-10-02T07:28:59","guid":{"rendered":"http:\/\/certo.inoe.ro\/test\/?page_id=2868"},"modified":"2023-10-02T10:58:15","modified_gmt":"2023-10-02T07:58:15","slug":"curatare-laser","status":"publish","type":"page","link":"https:\/\/certo.inoe.ro\/test\/ro\/acasa\/laboratoare\/curatare-laser\/","title":{"rendered":"Cur\u0103\u021bare laser"},"content":{"rendered":"<p>[et_pb_section fb_built=&#8221;1&#8243; _builder_version=&#8221;4.16&#8243; global_colors_info=&#8221;{}&#8221;][et_pb_row _builder_version=&#8221;4.16&#8243; global_colors_info=&#8221;{}&#8221;][et_pb_column type=&#8221;4_4&#8243; _builder_version=&#8221;4.16&#8243; custom_padding=&#8221;|||&#8221; global_colors_info=&#8221;{}&#8221; custom_padding__hover=&#8221;|||&#8221;][et_pb_text _builder_version=&#8221;4.21.0&#8243; hover_enabled=&#8221;0&#8243; global_colors_info=&#8221;{}&#8221; sticky_enabled=&#8221;0&#8243;]<\/p>\n<h1>Cur\u0103\u021bare laser<\/h1>\n<p>Cur\u0103\u021barea cu laser este o tehnic\u0103 f\u0103r\u0103 contact, neinvaziv\u0103 \u0219i nedistructiv\u0103, care a \u00eenceput s\u0103 fie utilizat\u0103 \u00een restaurare la nivel mondial recent, dup\u0103 1992, odat\u0103 cu primele proiecte europene \u00een care a fost utilizat\u0103.<\/p>\n<p>Echipa noastr\u0103 a \u00eentreprins primele interven\u021bii de cur\u0103\u021bare cu laser \u00een Rom\u00e2nia pe suprafe\u021be de piatr\u0103 \u0219i policromie, \u00een 2004, la Biserica Domneasc\u0103 \u0219i M\u0103n\u0103stirea Stavropoleos, ambele din Bucure\u0219ti. Rezultatele remarcabile pot fi \u00eenc\u0103 v\u0103zute pe \u0219antiere, dar pute\u021bi arunca o privire \u0219i pe acest site aici sau aici.<\/p>\n<p>Pentru cur\u0103\u021barea cu laser \u00een aer liber folosim sisteme laser proiectate special, cu o arhitectur\u0103 solid\u0103 \u0219i compact\u0103, prev\u0103zute cu bra\u021be optice articulate. Procesele de cur\u0103\u021bare sunt monitorizate cu ajutorul unei camere termice pentru a demonstra \u0219i valida efectele ned\u0103un\u0103toare ale parametrilor utiliza\u021bi ai fasciculului laser asupra suprafe\u021bei vizate.<\/p>\n<p>Metoda de cur\u0103\u021bare cu laser a primit un brevet na\u021bional.<\/p>\n<p>Translated with www.DeepL.com\/Translator (free version)<\/p>\n<p>[\/et_pb_text][\/et_pb_column][\/et_pb_row][et_pb_row _builder_version=&#8221;4.16&#8243; global_colors_info=&#8221;{}&#8221;][et_pb_column type=&#8221;4_4&#8243; _builder_version=&#8221;4.16&#8243; custom_padding=&#8221;|||&#8221; global_colors_info=&#8221;{}&#8221; custom_padding__hover=&#8221;|||&#8221;][et_pb_text _builder_version=&#8221;4.21.0&#8243; hover_enabled=&#8221;0&#8243; global_colors_info=&#8221;{}&#8221; sticky_enabled=&#8221;0&#8243;]<\/p>\n<h3>Microlaser X-Y<\/h3>\n<p>Ac\u021biunea G7: COST Cooperare european\u0103 \u00een domeniul \u0219tiin\u021bei \u0219i tehnologiei &#8211; Conservarea operelor de art\u0103 cu ajutorul laserului<\/p>\n<p>[\/et_pb_text][\/et_pb_column][\/et_pb_row][et_pb_row column_structure=&#8221;3_5,2_5&#8243; _builder_version=&#8221;4.16&#8243; custom_padding=&#8221;0|0px|0|0px|false|false&#8221; global_colors_info=&#8221;{}&#8221;][et_pb_column type=&#8221;3_5&#8243; _builder_version=&#8221;4.16&#8243; custom_padding=&#8221;|||&#8221; global_colors_info=&#8221;{}&#8221; custom_padding__hover=&#8221;|||&#8221;][et_pb_text _builder_version=&#8221;4.21.0&#8243; hover_enabled=&#8221;0&#8243; global_colors_info=&#8221;{}&#8221; sticky_enabled=&#8221;0&#8243;]<\/p>\n<p>Acesta este rezultatul proiectului interna\u021bional Action G7: COST European Cooperation in Science and Technology &#8211; Artwork Conservation by Laser \u0219i a primit un brevet na\u021bional. Acest sistem este compus dintr-un microscop optic, o diod\u0103 laser \u0219i o camer\u0103 CCD. Acest sistem este capabil s\u0103 cure\u021be zonele delicate ale suprafe\u021belor operelor de art\u0103, monitoriz\u00e2nd sau \u00eenregistr\u00e2nd video \u00eentregul proces. Sistemul este conectat la un computer unde operatorul poate vizualiza imaginile camerei de luat vederi din zona de cur\u0103\u021bare. Imaginile sau \u00eenregistr\u0103rile video sunt salvate pe acela\u0219i computer. Spotul laser este deplasat pe suprafa\u021ba operei de art\u0103 cu ajutorul unui joystick mecanic precis, prev\u0103zut cu un buton de declan\u0219are a emisiei laserului.<\/p>\n<div id=\"main\">\n<div id=\"container_2\">\n<ul>\n<li>Surs\u0103 laser: Laser Nd:YAG la lungimea de und\u0103 fundamental\u0103 (1064 nm).<\/li>\n<li>Dispozitiv de \u021bintire: cadru simetric proiectat (635 nm &#8211; diode laser)<\/li>\n<li>\u00cenregistrare a imaginii \u00een timp real<\/li>\n<li>M\u0103rire optic\u0103: 5X, 9X, 16X, 27X, 50X<\/li>\n<li>Reglarea fluen\u021bei laserului<\/li>\n<li>Distan\u021ba de lucru: 100 mm<\/li>\n<li>Diametrul spotului laser 0,5 mm &#8211; 3 mm<\/li>\n<li>Dimensiuni ale planului de lucru: X &#8211; Y \/ 26mm &#8211; 100 mm<\/li>\n<li>Frecven\u021b\u0103: 0.25Hz<\/li>\n<\/ul>\n<\/div>\n<\/div>\n<div id=\"footer\">\n<div id=\"footer-content\">\n<div id=\"footer-left\"><\/div>\n<\/div>\n<\/div>\n<p>[\/et_pb_text][\/et_pb_column][et_pb_column type=&#8221;2_5&#8243; _builder_version=&#8221;4.16&#8243; custom_padding=&#8221;|||&#8221; global_colors_info=&#8221;{}&#8221; custom_padding__hover=&#8221;|||&#8221;][et_pb_image src=&#8221;http:\/\/certo.inoe.ro\/test\/wp-content\/uploads\/2019\/03\/las_clean_xy.jpg&#8221; align_tablet=&#8221;center&#8221; align_phone=&#8221;&#8221; align_last_edited=&#8221;on|desktop&#8221; _builder_version=&#8221;4.16&#8243; global_colors_info=&#8221;{}&#8221;][\/et_pb_image][\/et_pb_column][\/et_pb_row][et_pb_row _builder_version=&#8221;4.16&#8243; global_colors_info=&#8221;{}&#8221;][et_pb_column type=&#8221;4_4&#8243; _builder_version=&#8221;4.16&#8243; custom_padding=&#8221;|||&#8221; global_colors_info=&#8221;{}&#8221; custom_padding__hover=&#8221;|||&#8221;][et_pb_text _builder_version=&#8221;4.21.0&#8243; hover_enabled=&#8221;0&#8243; global_colors_info=&#8221;{}&#8221; sticky_enabled=&#8221;0&#8243;]<\/p>\n<h3 style=\"text-align: right;\">Microlaser X-Y-Z<\/h3>\n<p style=\"text-align: right;\">EUREKA E! 2094 &#8211; CLEANART: Microscop cu laser pentru cur\u0103\u021barea operelor de art\u0103 \u0219i metod\u0103 optic\u0103 avansat\u0103 pentru investigare, diagnostic \u0219i tratament (2000 &#8211; 2003)<\/p>\n<p>[\/et_pb_text][\/et_pb_column][\/et_pb_row][et_pb_row column_structure=&#8221;2_5,3_5&#8243; _builder_version=&#8221;4.16&#8243; custom_padding=&#8221;0|0px|27px|0px|false|false&#8221; global_colors_info=&#8221;{}&#8221;][et_pb_column type=&#8221;2_5&#8243; _builder_version=&#8221;4.16&#8243; custom_padding=&#8221;|||&#8221; global_colors_info=&#8221;{}&#8221; custom_padding__hover=&#8221;|||&#8221;][et_pb_image src=&#8221;http:\/\/certo.inoe.ro\/test\/wp-content\/uploads\/2019\/03\/las_clean_xyz.jpg&#8221; align_tablet=&#8221;center&#8221; align_phone=&#8221;&#8221; align_last_edited=&#8221;on|desktop&#8221; _builder_version=&#8221;4.16&#8243; global_colors_info=&#8221;{}&#8221;][\/et_pb_image][\/et_pb_column][et_pb_column type=&#8221;3_5&#8243; _builder_version=&#8221;4.16&#8243; custom_padding=&#8221;|||&#8221; global_colors_info=&#8221;{}&#8221; custom_padding__hover=&#8221;|||&#8221;][et_pb_text _builder_version=&#8221;4.21.0&#8243; hover_enabled=&#8221;0&#8243; global_colors_info=&#8221;{}&#8221; sticky_enabled=&#8221;0&#8243;]<\/p>\n<p>Acesta este rezultatul unui proiect interna\u021bional E! EUREKA 2094 Cleanart \u0219i a primit un brevet na\u021bional. Acest sistem este compus dintr-un microscop optic, o diod\u0103 laser \u0219i o camer\u0103 CCD. Acest sistem este capabil s\u0103 cure\u021be zonele delicate ale suprafe\u021belor operelor de art\u0103, \u00een timp ce monitorizeaz\u0103 sau \u00eenregistreaz\u0103 video \u00eentregul proces. Sistemul este conectat la un computer unde operatorul poate vizualiza imaginile camerei de luat vederi din zona de cur\u0103\u021bare. Imaginile sau \u00eenregistr\u0103rile video sunt salvate pe acela\u0219i computer. Spotul laser este deplasat pe suprafa\u021ba operei de art\u0103 cu ajutorul unui bra\u021b articulat mecanic precis, prev\u0103zut cu un buton de declan\u0219are pentru emiterea laserului.<\/p>\n<ul>\n<li>Surs\u0103 laser: Laser Nd:YAG la lungimea de und\u0103 fundamental\u0103 (1064 nm)<\/li>\n<li>Dispozitiv de \u021bintire: cadru proiectat (635 nm &#8211; diod\u0103 laser)<\/li>\n<li>\u00cenregistrare a imaginii \u00een timp real<\/li>\n<li>M\u0103rire optic\u0103: 5X, 9X, 16X, 27X, 50X<\/li>\n<li>Fluen\u021b\u0103 laser ajustat\u0103<\/li>\n<li>Diametrul spotului laser 0,5 mm &#8211; 3 mm<\/li>\n<li>Dimensiuni ale planului de lucru: X &#8211; Y &#8211; Z \/ 1000mm &#8211; 1000mm &#8211; 1000mm &#8211; 1000mm<\/li>\n<li>Frecven\u021b\u0103: 4Hz<\/li>\n<\/ul>\n<p>[\/et_pb_text][\/et_pb_column][\/et_pb_row][et_pb_row _builder_version=&#8221;4.16&#8243; global_colors_info=&#8221;{}&#8221;][et_pb_column type=&#8221;4_4&#8243; _builder_version=&#8221;4.16&#8243; custom_padding=&#8221;|||&#8221; global_colors_info=&#8221;{}&#8221; custom_padding__hover=&#8221;|||&#8221;][et_pb_text _builder_version=&#8221;4.21.0&#8243; hover_enabled=&#8221;0&#8243; global_colors_info=&#8221;{}&#8221; sticky_enabled=&#8221;0&#8243;]<\/p>\n<h3 style=\"text-align: right;\">Cur\u0103\u021barea laserului \u00een aer liber<\/h3>\n<p style=\"text-align: right;\">Sisteme personalizate pentru cur\u0103\u021barea cu laser at\u00e2t \u00een exterior c\u00e2t \u0219i \u00een interior<\/p>\n<p>[\/et_pb_text][\/et_pb_column][\/et_pb_row][et_pb_row _builder_version=&#8221;4.16&#8243; custom_padding=&#8221;0|0px|27px|0px|false|false&#8221; global_colors_info=&#8221;{}&#8221;][et_pb_column type=&#8221;4_4&#8243; _builder_version=&#8221;4.16&#8243; custom_padding=&#8221;|||&#8221; global_colors_info=&#8221;{}&#8221; custom_padding__hover=&#8221;|||&#8221;][et_pb_text _builder_version=&#8221;4.21.0&#8243; hover_enabled=&#8221;0&#8243; global_colors_info=&#8221;{}&#8221; sticky_enabled=&#8221;0&#8243;]<\/p>\n<p>Pentru cur\u0103\u021barea cu laser \u00een aer liber folosim sisteme laser din seria Giant. Aceste sisteme folosesc un mediu activ \u00een stare solid\u0103 YAG:Nd, iar fasciculul laser emis (la patru armonici) are un diametru de c\u00e2\u021biva milimetri. Energia per impuls este cuprins\u0103 \u00eentre 40 \u0219i 450 mJ. Bra\u021bele optice articulate permit atingerea unor unghiuri \u0219i zone dificile. Cavitatea sistemului laser este special conceput\u0103 \u00eentr-un singur bloc de aluminiu, ceea ce o face solid\u0103 \u0219i compact\u0103, foarte rezistent\u0103 la solicit\u0103ri mecanice \u0219i bine etan\u0219at\u0103 \u00eempotriva apei \u0219i a prafului din atmosfera exterioar\u0103.<\/p>\n<p>[\/et_pb_text][\/et_pb_column][\/et_pb_row][et_pb_row column_structure=&#8221;1_4,1_4,1_4,1_4&#8243; _builder_version=&#8221;4.16&#8243; global_colors_info=&#8221;{}&#8221;][et_pb_column type=&#8221;1_4&#8243; _builder_version=&#8221;4.16&#8243; custom_padding=&#8221;|||&#8221; global_colors_info=&#8221;{}&#8221; custom_padding__hover=&#8221;|||&#8221;][et_pb_image src=&#8221;http:\/\/certo.inoe.ro\/test\/wp-content\/uploads\/2019\/03\/las_clean_raffaello.jpg&#8221; align_tablet=&#8221;center&#8221; align_phone=&#8221;&#8221; align_last_edited=&#8221;on|desktop&#8221; _builder_version=&#8221;4.16&#8243; global_colors_info=&#8221;{}&#8221;][\/et_pb_image][\/et_pb_column][et_pb_column type=&#8221;1_4&#8243; _builder_version=&#8221;4.16&#8243; custom_padding=&#8221;|||&#8221; global_colors_info=&#8221;{}&#8221; custom_padding__hover=&#8221;|||&#8221;][et_pb_text _builder_version=&#8221;4.21.0&#8243; hover_enabled=&#8221;0&#8243; global_colors_info=&#8221;{}&#8221; sticky_enabled=&#8221;0&#8243;]<\/p>\n<h3>Sistemul Raffaello<\/h3>\n<ul>\n<li>Sursa laser: Nd:YAG<\/li>\n<li>Fascicul laser &#8211; 7 mm<\/li>\n<li>Frecven\u021ba impulsurilor &#8211; 20Hz<\/li>\n<li>Lungimea de und\u0103 fundamental\u0103 (1064nm)<\/li>\n<li>+3 armonici:\n<ul>\n<li>532 nm;<\/li>\n<li>355 nm;<\/li>\n<li>266 nm;<\/li>\n<\/ul>\n<\/li>\n<li>Energie -;450mJ; 230 mJ; 90 mJ 40mJ<\/li>\n<li>2 bra\u021be articulate<\/li>\n<\/ul>\n<p>[\/et_pb_text][\/et_pb_column][et_pb_column type=&#8221;1_4&#8243; _builder_version=&#8221;4.16&#8243; custom_padding=&#8221;|||&#8221; global_colors_info=&#8221;{}&#8221; custom_padding__hover=&#8221;|||&#8221;][et_pb_text _builder_version=&#8221;4.21.0&#8243; hover_enabled=&#8221;0&#8243; global_colors_info=&#8221;{}&#8221; sticky_enabled=&#8221;0&#8243;]<\/p>\n<h3>Sistemul Palladio<\/h3>\n<ul>\n<li>Lungime de und\u0103: 1064 nm (op\u021bional 532 nm)<\/li>\n<li>Durata impulsului: 8 nanosecunde<\/li>\n<li>Energie maxim\u0103 per impuls: 450\/750 mJ<\/li>\n<li>Frecven\u021ba de repeti\u021bie: selectabil\u0103 \u00eentre impulsuri unice, 1-20 Hz, pasul 1<\/li>\n<li>Spot: 7\/9 mm<\/li>\n<li>Eliberarea fasciculului: un bra\u021b articulat<\/li>\n<li>Alimentarea cu energie: 230 V &#8211; 50 Hz<\/li>\n<li>Intrare: 17 A<\/li>\n<li>Dimensiuni: Cap laser: 34 X 28 X 70 cm<\/li>\n<li>Surs\u0103 de alimentare \u0219i unitate de r\u0103cire: 70 x 45 x 90<\/li>\n<li>Obturator laser Nd: YAG: controlat de operator cu un comutator pe piesa de m\u00e2n\u0103 prev\u0103zut\u0103 cu senzor de proximitate<\/li>\n<li>Greutate: 140 kg<\/li>\n<li>Circuit de r\u0103cire: etan\u0219at cu un schimb\u0103tor de c\u0103ldur\u0103 (aer\/lichid)<\/li>\n<li>Fascicul de direc\u021bionare: Laser verde cu diod\u0103 5 mW (532 nm)<\/li>\n<\/ul>\n<p>[\/et_pb_text][\/et_pb_column][et_pb_column type=&#8221;1_4&#8243; _builder_version=&#8221;4.16&#8243; custom_padding=&#8221;|||&#8221; global_colors_info=&#8221;{}&#8221; custom_padding__hover=&#8221;|||&#8221;][et_pb_image src=&#8221;http:\/\/certo.inoe.ro\/test\/wp-content\/uploads\/2019\/03\/las_clean_palladio.jpg&#8221; align_tablet=&#8221;center&#8221; align_phone=&#8221;&#8221; align_last_edited=&#8221;on|desktop&#8221; _builder_version=&#8221;4.16&#8243; global_colors_info=&#8221;{}&#8221;][\/et_pb_image][\/et_pb_column][\/et_pb_row][et_pb_row use_custom_gutter=&#8221;on&#8221; gutter_width=&#8221;1&#8243; _builder_version=&#8221;4.16&#8243; global_colors_info=&#8221;{}&#8221;][et_pb_column type=&#8221;4_4&#8243; _builder_version=&#8221;4.16&#8243; custom_padding=&#8221;|||&#8221; global_colors_info=&#8221;{}&#8221; custom_padding__hover=&#8221;|||&#8221;][et_pb_text _builder_version=&#8221;4.21.0&#8243; hover_enabled=&#8221;0&#8243; global_colors_info=&#8221;{}&#8221; sticky_enabled=&#8221;0&#8243;]<\/p>\n<h2>Studii de caz<\/h2>\n<p>[\/et_pb_text][\/et_pb_column][\/et_pb_row][et_pb_row use_custom_gutter=&#8221;on&#8221; gutter_width=&#8221;1&#8243; _builder_version=&#8221;4.16&#8243; global_colors_info=&#8221;{}&#8221;][et_pb_column type=&#8221;4_4&#8243; _builder_version=&#8221;4.16&#8243; custom_padding=&#8221;|||&#8221; global_colors_info=&#8221;{}&#8221; custom_padding__hover=&#8221;|||&#8221;][et_pb_gallery gallery_ids=&#8221;224,233,232,231,222,197,160,223,227,226,225&#8243; posts_number=&#8221;11&#8243; orientation=&#8221;portrait&#8221; show_title_and_caption=&#8221;off&#8221; _builder_version=&#8221;4.16&#8243; width=&#8221;100%&#8221; global_colors_info=&#8221;{}&#8221;][\/et_pb_gallery][et_pb_text _builder_version=&#8221;4.21.0&#8243; hover_enabled=&#8221;0&#8243; global_colors_info=&#8221;{}&#8221; sticky_enabled=&#8221;0&#8243;]<\/p>\n<h2>Cur\u0103\u021bare cu micro laser<\/h2>\n<p>[\/et_pb_text][et_pb_gallery gallery_ids=&#8221;229,230,238,242,239,240,241,243,244,245,246,247,248,249,251,252,253&#8243; posts_number=&#8221;18&#8243; show_title_and_caption=&#8221;off&#8221; show_pagination=&#8221;off&#8221; _builder_version=&#8221;4.16&#8243; global_colors_info=&#8221;{}&#8221;][\/et_pb_gallery][\/et_pb_column][\/et_pb_row][\/et_pb_section]<\/p>\n","protected":false},"excerpt":{"rendered":"<p>Cur\u0103\u021bare laser Cur\u0103\u021barea cu laser este o tehnic\u0103 f\u0103r\u0103 contact, neinvaziv\u0103 \u0219i nedistructiv\u0103, care a \u00eenceput s\u0103 fie utilizat\u0103 \u00een restaurare la nivel mondial recent, dup\u0103 1992, odat\u0103 cu primele proiecte europene \u00een care a fost utilizat\u0103. Echipa noastr\u0103 a \u00eentreprins primele interven\u021bii de cur\u0103\u021bare cu laser \u00een Rom\u00e2nia pe suprafe\u021be de piatr\u0103 \u0219i policromie, [&hellip;]<\/p>\n","protected":false},"author":1,"featured_media":0,"parent":2830,"menu_order":0,"comment_status":"closed","ping_status":"closed","template":"","meta":{"_et_pb_use_builder":"on","_et_pb_old_content":"","_et_gb_content_width":"","jetpack_post_was_ever_published":false,"footnotes":""},"jetpack_sharing_enabled":true,"jetpack_shortlink":"https:\/\/wp.me\/PaKFbv-Kg","_links":{"self":[{"href":"https:\/\/certo.inoe.ro\/test\/wp-json\/wp\/v2\/pages\/2868"}],"collection":[{"href":"https:\/\/certo.inoe.ro\/test\/wp-json\/wp\/v2\/pages"}],"about":[{"href":"https:\/\/certo.inoe.ro\/test\/wp-json\/wp\/v2\/types\/page"}],"author":[{"embeddable":true,"href":"https:\/\/certo.inoe.ro\/test\/wp-json\/wp\/v2\/users\/1"}],"replies":[{"embeddable":true,"href":"https:\/\/certo.inoe.ro\/test\/wp-json\/wp\/v2\/comments?post=2868"}],"version-history":[{"count":2,"href":"https:\/\/certo.inoe.ro\/test\/wp-json\/wp\/v2\/pages\/2868\/revisions"}],"predecessor-version":[{"id":2870,"href":"https:\/\/certo.inoe.ro\/test\/wp-json\/wp\/v2\/pages\/2868\/revisions\/2870"}],"up":[{"embeddable":true,"href":"https:\/\/certo.inoe.ro\/test\/wp-json\/wp\/v2\/pages\/2830"}],"wp:attachment":[{"href":"https:\/\/certo.inoe.ro\/test\/wp-json\/wp\/v2\/media?parent=2868"}],"curies":[{"name":"wp","href":"https:\/\/api.w.org\/{rel}","templated":true}]}}