{"id":2830,"date":"2023-09-27T16:11:25","date_gmt":"2023-09-27T13:11:25","guid":{"rendered":"http:\/\/certo.inoe.ro\/test\/?page_id=2830"},"modified":"2023-10-02T11:31:07","modified_gmt":"2023-10-02T08:31:07","slug":"laboratoare","status":"publish","type":"page","link":"https:\/\/certo.inoe.ro\/test\/ro\/acasa\/laboratoare\/","title":{"rendered":"Laboratoare"},"content":{"rendered":"<p>[et_pb_section fb_built=&#8221;1&#8243; _builder_version=&#8221;4.16&#8243; global_colors_info=&#8221;{}&#8221;][et_pb_row _builder_version=&#8221;4.16&#8243; global_colors_info=&#8221;{}&#8221;][et_pb_column type=&#8221;4_4&#8243; _builder_version=&#8221;4.16&#8243; custom_padding=&#8221;|||&#8221; global_colors_info=&#8221;{}&#8221; custom_padding__hover=&#8221;|||&#8221;][et_pb_text _builder_version=&#8221;4.21.0&#8243; global_colors_info=&#8221;{}&#8221;]<\/p>\n<h1>Laboratoarele noastre<\/h1>\n<p>[\/et_pb_text][\/et_pb_column][\/et_pb_row][et_pb_row column_structure=&#8221;1_5,1_5,1_5,1_5,1_5&#8243; _builder_version=&#8221;4.16&#8243; global_colors_info=&#8221;{}&#8221;][et_pb_column type=&#8221;1_5&#8243; _builder_version=&#8221;4.16&#8243; custom_padding=&#8221;|||&#8221; global_colors_info=&#8221;{}&#8221; custom_padding__hover=&#8221;|||&#8221;][et_pb_blurb title=&#8221;Investiga\u021bie&#8221; url=&#8221;@ET-DC@eyJkeW5hbWljIjp0cnVlLCJjb250ZW50IjoicG9zdF9saW5rX3VybF9wYWdlIiwic2V0dGluZ3MiOnsicG9zdF9pZCI6IjI4NTMifX0=@&#8221; image=&#8221;http:\/\/certo.inoe.ro\/test\/wp-content\/uploads\/2019\/03\/investigation.jpg&#8221; _builder_version=&#8221;4.21.0&#8243; _dynamic_attributes=&#8221;link_option_url,url&#8221; link_option_url=&#8221;@ET-DC@eyJkeW5hbWljIjp0cnVlLCJjb250ZW50IjoicG9zdF9saW5rX3VybF9wYWdlIiwic2V0dGluZ3MiOnsicG9zdF9pZCI6IjI4NTMifX0=@&#8221; global_colors_info=&#8221;{}&#8221;]<\/p>\n<p>Laboratorul nostru este complet echipat cu metode non-invazive \u0219i nedistructive de investigare \u0219i diagnosticare, de la analiza fizico-chimic\u0103, p\u00e2n\u0103 la imagistic\u0103 de \u00eenalt\u0103 rezolu\u021bie.<\/p>\n<p>[\/et_pb_blurb][\/et_pb_column][et_pb_column type=&#8221;1_5&#8243; _builder_version=&#8221;4.16&#8243; custom_padding=&#8221;|||&#8221; global_colors_info=&#8221;{}&#8221; custom_padding__hover=&#8221;|||&#8221;][et_pb_blurb title=&#8221;Cur\u0103\u021bare cu laser&#8221; url=&#8221;@ET-DC@eyJkeW5hbWljIjp0cnVlLCJjb250ZW50IjoicG9zdF9saW5rX3VybF9wYWdlIiwic2V0dGluZ3MiOnsicG9zdF9pZCI6IjI4NjgifX0=@&#8221; image=&#8221;http:\/\/certo.inoe.ro\/test\/wp-content\/uploads\/2019\/03\/laser_cleaning.jpg&#8221; image_icon_width_tablet=&#8221;&#8221; image_icon_width_phone=&#8221;&#8221; image_icon_width_last_edited=&#8221;on|desktop&#8221; _builder_version=&#8221;4.21.0&#8243; _dynamic_attributes=&#8221;url,link_option_url&#8221; link_option_url=&#8221;@ET-DC@eyJkeW5hbWljIjp0cnVlLCJjb250ZW50IjoicG9zdF9saW5rX3VybF9wYWdlIiwic2V0dGluZ3MiOnsicG9zdF9pZCI6IjI4NjgifX0=@&#8221; image_max_width_tablet=&#8221;&#8221; image_max_width_phone=&#8221;&#8221; image_max_width_last_edited=&#8221;on|desktop&#8221; global_colors_info=&#8221;{}&#8221;]<\/p>\n<p>\u00cencep\u00e2nd cu anul 2004 am introdus aceast\u0103 metod\u0103 de cur\u0103\u021bare cu laser \u00een r\u00e2ndul restauratorilor rom\u00e2ni ca metod\u0103 f\u0103r\u0103 contact pentru cur\u0103\u021barea suprafe\u021belor de piatr\u0103 \u0219i policromie.<\/p>\n<p>[\/et_pb_blurb][\/et_pb_column][et_pb_column type=&#8221;1_5&#8243; _builder_version=&#8221;4.16&#8243; custom_padding=&#8221;|||&#8221; global_colors_info=&#8221;{}&#8221; custom_padding__hover=&#8221;|||&#8221;][et_pb_blurb title=&#8221;Digitizare&#8221; url=&#8221;@ET-DC@eyJkeW5hbWljIjp0cnVlLCJjb250ZW50IjoicG9zdF9saW5rX3VybF9wYWdlIiwic2V0dGluZ3MiOnsicG9zdF9pZCI6IjI4NzIifX0=@&#8221; image=&#8221;http:\/\/certo.inoe.ro\/test\/wp-content\/uploads\/2019\/03\/digitization.jpg&#8221; _builder_version=&#8221;4.21.0&#8243; _dynamic_attributes=&#8221;url,link_option_url&#8221; body_font=&#8221;||||||||&#8221; link_option_url=&#8221;@ET-DC@eyJkeW5hbWljIjp0cnVlLCJjb250ZW50IjoicG9zdF9saW5rX3VybF9wYWdlIiwic2V0dGluZ3MiOnsicG9zdF9pZCI6IjI4NzIifX0=@&#8221; global_colors_info=&#8221;{}&#8221;]<\/p>\n<p>Din 2006 suntem o prezen\u021b\u0103 constant\u0103 \u00een lumea digitaliz\u0103rii 3D cu scanare laser \u0219i imprimare 3D. Din 2015 am inclus fotogrametria (at\u00e2t terestr\u0103, c\u00e2t \u0219i aerian\u0103) \u00een fluxul nostru de lucru de digitizare.<\/p>\n<p>[\/et_pb_blurb][\/et_pb_column][et_pb_column type=&#8221;1_5&#8243; _builder_version=&#8221;4.16&#8243; custom_padding=&#8221;|||&#8221; global_colors_info=&#8221;{}&#8221; custom_padding__hover=&#8221;|||&#8221;][et_pb_blurb title=&#8221;ART4ART&#8221; url=&#8221;@ET-DC@eyJkeW5hbWljIjp0cnVlLCJjb250ZW50IjoicG9zdF9saW5rX3VybF9wYWdlIiwic2V0dGluZ3MiOnsicG9zdF9pZCI6IjI4NzYifX0=@&#8221; image=&#8221;http:\/\/certo.inoe.ro\/test\/wp-content\/uploads\/2019\/03\/laser_cleaning.jpg&#8221; _builder_version=&#8221;4.21.0&#8243; _dynamic_attributes=&#8221;url,link_option_url&#8221; link_option_url=&#8221;@ET-DC@eyJkeW5hbWljIjp0cnVlLCJjb250ZW50IjoicG9zdF9saW5rX3VybF9wYWdlIiwic2V0dGluZ3MiOnsicG9zdF9pZCI6IjI4NzYifX0=@&#8221; global_colors_info=&#8221;{}&#8221;]<\/p>\n<p>Laboratorul mobil a fost dezvoltat \u00een 2008 \u0219i a fost proiectat \u0219i adaptat pe baza nevoilor unui laborator deschis <em>in-situ<\/em>, complet echipat cu metode de ultim\u0103 genera\u021bie pentru investigarea, monitorizarea \u0219i documentarea unei game largi de bunuri de patrimoniu cultural.<\/p>\n<p>[\/et_pb_blurb][\/et_pb_column][et_pb_column type=&#8221;1_5&#8243; _builder_version=&#8221;4.16&#8243; custom_padding=&#8221;|||&#8221; global_colors_info=&#8221;{}&#8221; custom_padding__hover=&#8221;|||&#8221;][et_pb_blurb title=&#8221;ARHEA&#8221; url=&#8221;@ET-DC@eyJkeW5hbWljIjp0cnVlLCJjb250ZW50IjoicG9zdF9saW5rX3VybF9wYWdlIiwic2V0dGluZ3MiOnsicG9zdF9pZCI6IjI4ODEifX0=@&#8221; image=&#8221;http:\/\/certo.inoe.ro\/test\/wp-content\/uploads\/2019\/03\/arhea.jpg&#8221; _builder_version=&#8221;4.21.0&#8243; link_option_url=&#8221;@ET-DC@eyJkeW5hbWljIjp0cnVlLCJjb250ZW50IjoicG9zdF9saW5rX3VybF9wYWdlIiwic2V0dGluZ3MiOnsicG9zdF9pZCI6IjI4ODEifX0=@&#8221; hover_enabled=&#8221;0&#8243; global_colors_info=&#8221;{}&#8221; _dynamic_attributes=&#8221;url,link_option_url&#8221; sticky_enabled=&#8221;0&#8243;]<\/p>\n<p>Acesta este cel mai recent laborator al nostru, care include un UAV profesional de cercetare aerian\u0103 cu patru senzori de imagistic\u0103 diferi\u021bi, un senzor hiperspectral \u0219i un bunc\u0103r complet de imagistic\u0103 cu raze X.<\/p>\n<p>[\/et_pb_blurb][\/et_pb_column][\/et_pb_row][\/et_pb_section]<\/p>\n","protected":false},"excerpt":{"rendered":"<p>Laboratoarele noastreLaboratorul nostru este complet echipat cu metode non-invazive \u0219i nedistructive de investigare \u0219i diagnosticare, de la analiza fizico-chimic\u0103, p\u00e2n\u0103 la imagistic\u0103 de \u00eenalt\u0103 rezolu\u021bie.\u00cencep\u00e2nd cu anul 2004 am introdus aceast\u0103 metod\u0103 de cur\u0103\u021bare cu laser \u00een r\u00e2ndul restauratorilor rom\u00e2ni ca metod\u0103 f\u0103r\u0103 contact pentru cur\u0103\u021barea suprafe\u021belor de piatr\u0103 \u0219i policromie.Din 2006 suntem o prezen\u021b\u0103 [&hellip;]<\/p>\n","protected":false},"author":1,"featured_media":0,"parent":2777,"menu_order":0,"comment_status":"closed","ping_status":"closed","template":"","meta":{"_et_pb_use_builder":"on","_et_pb_old_content":"","_et_gb_content_width":"","jetpack_post_was_ever_published":false,"footnotes":""},"jetpack_sharing_enabled":true,"jetpack_shortlink":"https:\/\/wp.me\/PaKFbv-JE","_links":{"self":[{"href":"https:\/\/certo.inoe.ro\/test\/wp-json\/wp\/v2\/pages\/2830"}],"collection":[{"href":"https:\/\/certo.inoe.ro\/test\/wp-json\/wp\/v2\/pages"}],"about":[{"href":"https:\/\/certo.inoe.ro\/test\/wp-json\/wp\/v2\/types\/page"}],"author":[{"embeddable":true,"href":"https:\/\/certo.inoe.ro\/test\/wp-json\/wp\/v2\/users\/1"}],"replies":[{"embeddable":true,"href":"https:\/\/certo.inoe.ro\/test\/wp-json\/wp\/v2\/comments?post=2830"}],"version-history":[{"count":9,"href":"https:\/\/certo.inoe.ro\/test\/wp-json\/wp\/v2\/pages\/2830\/revisions"}],"predecessor-version":[{"id":2884,"href":"https:\/\/certo.inoe.ro\/test\/wp-json\/wp\/v2\/pages\/2830\/revisions\/2884"}],"up":[{"embeddable":true,"href":"https:\/\/certo.inoe.ro\/test\/wp-json\/wp\/v2\/pages\/2777"}],"wp:attachment":[{"href":"https:\/\/certo.inoe.ro\/test\/wp-json\/wp\/v2\/media?parent=2830"}],"curies":[{"name":"wp","href":"https:\/\/api.w.org\/{rel}","templated":true}]}}