{"id":2783,"date":"2023-09-13T12:30:15","date_gmt":"2023-09-13T09:30:15","guid":{"rendered":"http:\/\/certo.inoe.ro\/test\/?page_id=2783"},"modified":"2023-10-02T14:16:56","modified_gmt":"2023-10-02T11:16:56","slug":"despre-noi","status":"publish","type":"page","link":"https:\/\/certo.inoe.ro\/test\/ro\/despre-noi\/","title":{"rendered":"Despre noi"},"content":{"rendered":"<p>[et_pb_section fb_built=&#8221;1&#8243; _builder_version=&#8221;4.16&#8243; custom_padding=&#8221;54px|0px|2px|0px|false|false&#8221; global_colors_info=&#8221;{}&#8221;][et_pb_row _builder_version=&#8221;4.16&#8243; custom_padding=&#8221;36px|0px|28px|0px|false|false&#8221; global_colors_info=&#8221;{}&#8221;][et_pb_column type=&#8221;4_4&#8243; _builder_version=&#8221;4.16&#8243; custom_padding=&#8221;|||&#8221; global_colors_info=&#8221;{}&#8221; custom_padding__hover=&#8221;|||&#8221;][et_pb_text _builder_version=&#8221;4.21.0&#8243; hover_enabled=&#8221;0&#8243; global_colors_info=&#8221;{}&#8221; sticky_enabled=&#8221;0&#8243;]<\/p>\n<h2>Departamentul M.T.O. (C.E.R.T.O.)<\/h2>\n<p>[\/et_pb_text][\/et_pb_column][\/et_pb_row][\/et_pb_section][et_pb_section fb_built=&#8221;1&#8243; _builder_version=&#8221;4.16&#8243; custom_padding=&#8221;0|0px|54px|0px|false|false&#8221; global_colors_info=&#8221;{}&#8221;][et_pb_row _builder_version=&#8221;4.16&#8243; global_colors_info=&#8221;{}&#8221;][et_pb_column type=&#8221;4_4&#8243; _builder_version=&#8221;4.16&#8243; custom_padding=&#8221;|||&#8221; global_colors_info=&#8221;{}&#8221; custom_padding__hover=&#8221;|||&#8221;][et_pb_text _builder_version=&#8221;4.21.0&#8243; hover_enabled=&#8221;0&#8243; global_colors_info=&#8221;{}&#8221; sticky_enabled=&#8221;0&#8243;]<\/p>\n<p>Departamentul nostru efectueaz\u0103 cercet\u0103ri privind tehnicile avansate de restaurare \u0219i conservare a operelor de art\u0103. Activit\u0103\u021bile de cercetare sunt generate de noile cerin\u021be din practica restauratorilor \u0219i conservatorilor. O experien\u021b\u0103 semnificativ\u0103 a fost acumulat\u0103 \u00een cadrul proiectelor de cercetare multidisciplinare, iar o parte foarte important\u0103 a experien\u021bei \u0219i a reputa\u021biei dob\u00e2ndite a rezultat din diverse colabor\u0103ri la fa\u021ba locului. S-au acumulat rezultate importante \u00een domeniul cur\u0103\u021b\u0103rii cu laser, al controlului mediului \u0219i al monitoriz\u0103rii microclimatului, al metodelor de investigare noncontact, non \u0219i microinvazive, al tehnicilor de interven\u021bie rapid\u0103 la distan\u021b\u0103 pentru investigarea, diagnosticarea \u0219i interven\u021bia asupra patrimoniului cultural.<\/p>\n<p>Dup\u0103 mai mult de 20 de ani de cercet\u0103ri na\u021bionale \u0219i interna\u021bionale promi\u021b\u0103toare, activitatea departamentului se concentreaz\u0103 \u00een prezent pe:<\/p>\n<ul>\n<li>Integrarea de non-contact,<\/li>\n<li>Monitorizarea on-line pe termen lung a microclimatului, a calit\u0103\u021bii aerului \u0219i a factorilor de stres la monumente prin intermediul unei re\u021bele wireless de senzori specializa\u021bi;<\/li>\n<li>Metode de investigare non(micro)-invazive, \u00een special cu r\u0103spuns rapid pentru aplica\u021bii polivalente, evaluarea st\u0103rii de conservare, predic\u021bia dinamicii de conservare a monumentelor\/lucr\u0103rilor de art\u0103; simul\u0103ri;<\/li>\n<li>Dezvoltarea de laboratoare deschise pentru acces on-line la infrastructur\u0103 (\u00een diferite scopuri: instruire, educa\u021bie, experimente comune, consultan\u021b\u0103 de specialitate etc.);<\/li>\n<li>Dezvoltarea unui atelier deschis de restaurare (laborator mobil) pentru monitorizarea la fa\u021ba locului a anumitor parametri, prelungirea duratei campaniilor (timp de lucru efectiv extins), colabor\u0103ri cu exper\u021bi.<\/li>\n<\/ul>\n<p>[\/et_pb_text][\/et_pb_column][\/et_pb_row][et_pb_row _builder_version=&#8221;4.16&#8243; global_colors_info=&#8221;{}&#8221;][et_pb_column type=&#8221;4_4&#8243; _builder_version=&#8221;4.16&#8243; custom_padding=&#8221;|||&#8221; global_colors_info=&#8221;{}&#8221; custom_padding__hover=&#8221;|||&#8221;][et_pb_text _builder_version=&#8221;4.21.0&#8243; hover_enabled=&#8221;0&#8243; global_colors_info=&#8221;{}&#8221; sticky_enabled=&#8221;0&#8243;]<\/p>\n<h2>Direc\u021bii de lucru<\/h2>\n<p>[\/et_pb_text][\/et_pb_column][\/et_pb_row][et_pb_row _builder_version=&#8221;4.16&#8243; global_colors_info=&#8221;{}&#8221;][et_pb_column type=&#8221;4_4&#8243; _builder_version=&#8221;4.16&#8243; custom_padding=&#8221;|||&#8221; global_colors_info=&#8221;{}&#8221; custom_padding__hover=&#8221;|||&#8221;][et_pb_text _builder_version=&#8221;4.21.0&#8243; hover_enabled=&#8221;0&#8243; global_colors_info=&#8221;{}&#8221; sticky_enabled=&#8221;0&#8243;]<\/p>\n<h4><\/h4>\n<h4>Cur\u0103\u021barea cu laser pentru restaurare<\/h4>\n<ul>\n<li>Metode \u0219i tehnici de cur\u0103\u021bare cu laser 2D de \u00eenalt\u0103 precizie (MicroLASER x &#8211; y)<\/li>\n<li>Metode \u0219i tehnici de cur\u0103\u021bare cu laser de \u00eenalt\u0103 precizie 3D (MicroLASER x &#8211; y &#8211; z)<\/li>\n<li>Controlul prin microscopie holografic\u0103 on-line al \u00eendep\u0103rt\u0103rii de material induse de laser pentru restaurarea operelor de art\u0103<\/li>\n<\/ul>\n<p>&nbsp;<\/p>\n<p>Controlul microclimatului pentru protec\u021bia patrimoniului cultural<\/p>\n<ul>\n<li>M\u0103surarea \u0219i interpretarea umidit\u0103\u021bii relative \u0219i a temperaturii locale a aerului \u00een cl\u0103diri vechi \u0219i muzee<\/li>\n<li>Efectul poluan\u021bilor \u0219i controlul acestora<\/li>\n<li>Studii de decontaminare microbiologic\u0103<\/li>\n<li>Determinarea umidit\u0103\u021bii pere\u021bilor<\/li>\n<\/ul>\n<h4><\/h4>\n<h4>Investiga\u021bii \u0219i diagnosticare<\/h4>\n<p>&nbsp;<\/p>\n<ul>\n<li>Investiga\u021bie multispectral\u0103 de \u00eenalt\u0103 rezolu\u021bie (UV + VIS + NIR)<\/li>\n<li>Termoviziune<\/li>\n<li>Spectrografie (190nm &#8211; 900nm)<\/li>\n<li>Spectroscopie cu laser (LIBS \u0219i LIF)<\/li>\n<li>Radar de penetrare a solului (GPR)<\/li>\n<\/ul>\n<p>Baze de date informa\u021bionale \u0219i digitizarea arhivelor<\/p>\n<ul>\n<li>Sinteze privind protocoalele de cur\u0103\u021bare cu laser pe materiale organice \u0219i anorganice<\/li>\n<li>Formulare bibliografice tematice<\/li>\n<li>Atlase tematice privind comportamentul unor materiale specifice<\/li>\n<\/ul>\n<p>&nbsp;<\/p>\n<p>&nbsp;<\/p>\n<p>[\/et_pb_text][\/et_pb_column][\/et_pb_row][\/et_pb_section]<\/p>\n","protected":false},"excerpt":{"rendered":"<p>Departamentul M.T.O. (C.E.R.T.O.)Departamentul nostru efectueaz\u0103 cercet\u0103ri privind tehnicile avansate de restaurare \u0219i conservare a operelor de art\u0103. Activit\u0103\u021bile de cercetare sunt generate de noile cerin\u021be din practica restauratorilor \u0219i conservatorilor. O experien\u021b\u0103 semnificativ\u0103 a fost acumulat\u0103 \u00een cadrul proiectelor de cercetare multidisciplinare, iar o parte foarte important\u0103 a experien\u021bei \u0219i a reputa\u021biei dob\u00e2ndite a rezultat [&hellip;]<\/p>\n","protected":false},"author":1,"featured_media":0,"parent":0,"menu_order":0,"comment_status":"closed","ping_status":"closed","template":"","meta":{"_et_pb_use_builder":"on","_et_pb_old_content":"","_et_gb_content_width":"","jetpack_post_was_ever_published":false,"footnotes":""},"jetpack_sharing_enabled":true,"jetpack_shortlink":"https:\/\/wp.me\/PaKFbv-IT","_links":{"self":[{"href":"https:\/\/certo.inoe.ro\/test\/wp-json\/wp\/v2\/pages\/2783"}],"collection":[{"href":"https:\/\/certo.inoe.ro\/test\/wp-json\/wp\/v2\/pages"}],"about":[{"href":"https:\/\/certo.inoe.ro\/test\/wp-json\/wp\/v2\/types\/page"}],"author":[{"embeddable":true,"href":"https:\/\/certo.inoe.ro\/test\/wp-json\/wp\/v2\/users\/1"}],"replies":[{"embeddable":true,"href":"https:\/\/certo.inoe.ro\/test\/wp-json\/wp\/v2\/comments?post=2783"}],"version-history":[{"count":2,"href":"https:\/\/certo.inoe.ro\/test\/wp-json\/wp\/v2\/pages\/2783\/revisions"}],"predecessor-version":[{"id":2899,"href":"https:\/\/certo.inoe.ro\/test\/wp-json\/wp\/v2\/pages\/2783\/revisions\/2899"}],"wp:attachment":[{"href":"https:\/\/certo.inoe.ro\/test\/wp-json\/wp\/v2\/media?parent=2783"}],"curies":[{"name":"wp","href":"https:\/\/api.w.org\/{rel}","templated":true}]}}