{"id":1330,"date":"2020-09-16T15:14:41","date_gmt":"2020-09-16T12:14:41","guid":{"rendered":"http:\/\/certo.inoe.ro\/test\/?page_id=1330"},"modified":"2022-07-14T08:59:28","modified_gmt":"2022-07-14T05:59:28","slug":"published-papers-other-databases","status":"publish","type":"page","link":"https:\/\/certo.inoe.ro\/test\/published-papers-other-databases\/","title":{"rendered":"Papers published in other databases"},"content":{"rendered":"\n<ol>\r\n\r\n<li><a href=\"\" target=\"_blank\" rel=\"noopener noreferrer\">A. Rauca, A. M. Berdie, L. Ghervase, Aspecte metodologice de conservare \u0219i restaurare a unei picturi victoriene \u00een tehnca ulei pe p\u00e2nz\u0103, in implementART, vol. 2, p. 122-138 (2023).<\/a><\/li>\r\n\t\t\r\n\r\n\r\n<li><a href=\"\" target=\"_blank\" rel=\"noopener noreferrer\">A. Rauca, D. Pattus, L. Ghervase, Metodologia de conservare \u0219i restaurare a unui portret de secol XIX, in implementART, vol. 2, p. 111-121 (2023).<\/a><\/li>\r\n\t\t\r\n\r\n\r\n<li><a href=\"\" target=\"_blank\" rel=\"noopener noreferrer\">L. Anghelu\u021b\u0103, Good practices, limits and risks of 3D digitization in the continuous documentation of Cultural Heritage, in Optoelectronics into a powerful economy - Book of Proceedings, ed. R. R\u0103dvan, AGIR Publishing House, ISBN: 978-973-720-822-4, p. 321-328 (2020).<\/a><\/li>\r\n\t\t\r\n\r\n\r\n<li><a href=\"\" target=\"_blank\" rel=\"noopener noreferrer\">M. Dinu, R. R\u0103dvan, A. Chelmu\u0219, Overview on the advanced laser techniques for conservation and restoration of The Romanian Traditional Built Heritage, in Optoelectronics into a powerful economy - Book of Proceedings, ed. R. R\u0103dvan, AGIR Publishing House, ISBN: 978-973-720-822-4, p. 307-318 (2020).<\/a><\/li>\r\n\t\t\r\n\r\n\r\n<li><a href=\"\" target=\"_blank\" rel=\"noopener noreferrer\">L.C. Ratoiu, Uncovering Layers of the Past. Spectral Imaging Techniques for Artworks Investigation, in Optoelectronics into a powerful economy - Book of Proceedings, ed. R. R\u0103dvan, AGIR Publishing House, ISBN: 978-973-720-822-4, p. 349-356 (2020).<\/a><\/li>\r\n\t\t\r\n\r\n\r\n<li><a href=\"\" target=\"_blank\" rel=\"noopener noreferrer\">T.M. Kovacs, I.M. Cortea, L. Ghervase, Considerations regarding contemporary mixed media paintings: the study and restoration treatment of Romul Nu\u0163iu's Dynamics, in Studies in Contemporary Art Ageing Journal, 1(1), p. 25-36 (2018).<\/a><\/li>\r\n\t\t\r\n\r\n\r\n<li><a href=\"\" target=\"_blank\" rel=\"noopener noreferrer\">I.M. Cortea, ATR-FTIR analysis of inorganic materials. Applications for the examination of fine art and archeological objects, in Restitutio - The Conservation-Restoration Bulletin of the National Village Museum \"Dimitrie Gusti\", 10(2), p. 191-195 (2016).<\/a><\/li>\r\n\t\t\r\n\r\n\r\n<li><a href=\"\" target=\"_blank\" rel=\"noopener noreferrer\">L. Ratoiu, R. Cristache, I. Sandu, Corroborated imaging techniques for the documentation process of a Lipovan icon from the half of the 20th century, in Restitutio - The Conservation-Restoration Bulletin of the National Village Museum \"Dimitrie Gusti\", 10(2), p. 206-213 (2016).<\/a><\/li>\r\n\t\t\r\n\r\n\r\n<li><a href=\"\" target=\"_blank\" rel=\"noopener noreferrer\">L. Ghervase, Identifying rocks and minerals based on their specific elemental signature, in Restitutio - The Conservation-Restoration Bulletin of the National Village Museum \"Dimitrie Gusti\", 10(2), p. 199-205 (2016).<\/a><\/li>\r\n\t\t\r\n\r\n\r\n<li><a href=\"\" target=\"_blank\" rel=\"noopener noreferrer\">A. Chelmu\u0219, Long-term monitoring and analyze of microclimate factors, in Restitutio - The Conservation-Restoration Bulletin of the National Village Museum \"Dimitrie Gusti\", 10(1), p. 117-123 (2016).<\/a><\/li>\r\n\t\t\r\n\r\n\r\n<li><a href=\"\" target=\"_blank\" rel=\"noopener noreferrer\">L.M. Anghelu\u021b\u0103, A. Chelmu\u0219, D. C\u00e2rnu, R. Marinescu, X-ray imaging investigation of historical military artifacts,  in Restitutio - The Conservation-Restoration Bulletin of the National Village Museum \"Dimitrie Gusti\", 10(2), p. 186-190 (2016).<\/a><\/li>\r\n\t\t\r\n\r\n\r\n<li><a href=\"\" target=\"_blank\" rel=\"noopener noreferrer\">M. Dinu, A new risk free concept implemented in archives, in Restitutio - The Conservation-Restoration Bulletin of the National Village Museum \"Dimitrie Gusti\", 9, p. 129-132 (2015).<\/a><\/li>\r\n\t\t\r\n\r\n\r\n<li><a href=\"\" target=\"_blank\" rel=\"noopener noreferrer\">L. Ratoiu, D. Ene, R. R\u0103dvan, Alternative method for reconstruction, completion and reintegration of some decorative details using 3D printing technique, in Restitutio - The Conservation-Restoration Bulletin of the National Village Museum \"Dimitrie Gusti\", 9, p. 80-86 (2015).<\/a><\/li>\r\n\t\t\r\n\r\n\r\n<li><a href=\"\" target=\"_blank\" rel=\"noopener noreferrer\">L.M. Anghelu\u021b\u0103, CERES - Center for the valorization of cultural-scientific projects in archaeology, in Restitutio - The Conservation-Restoration Bulletin of the National Village Museum \"Dimitrie Gusti\", 9, p. 25-29 (2015).<\/a><\/li>\r\n\t\t\r\n\r\n\r\n<li><a href=\"\" target=\"_blank\" rel=\"noopener noreferrer\">D. Ene, R. R\u0103dvan, L.M. Anghelu\u021b\u0103, Cultural Heritage valorization using relational data base, in Restitutio - The Conservation-Restoration Bulletin of the National Village Museum \"Dimitrie Gusti\", 9, p. 116-121 (2015).<\/a><\/li>\r\n\t\t\r\n\r\n\r\n<li><a href=\"\" target=\"_blank\" rel=\"noopener noreferrer\">L. Ghervase, R. R\u0103dvan, Differentiation between organic and inorganic-based pigments through XRF, in Restitutio - The Conservation-Restoration Bulletin of the National Village Museum \"Dimitrie Gusti\", 9, p. 142-147 (2015).<\/a><\/li>\r\n\t\t\r\n\r\n\r\n<li><a href=\"\" target=\"_blank\" rel=\"noopener noreferrer\">R. R\u0103dvan, Innovation in research and services for the cultural operators by the project INOVA-OPTIMA, in Restitutio - The Conservation-Restoration Bulletin of the National Village Museum \"Dimitrie Gusti\", 9, p. 15-17 (2015).<\/a><\/li>\r\n\t\t\r\n\r\n\r\n<li><a href=\"\" target=\"_blank\" rel=\"noopener noreferrer\">I.M. Cortea, Investigations on the physico-chemical stability of polymeric adhesives and consolidants used in conservation, in Restitutio - The Conservation-Restoration Bulletin of the National Village Museum \"Dimitrie Gusti\", 9, p. 37-45 (2015).<\/a><\/li>\r\n\t\t\r\n\r\n\r\n<li><a href=\"\" target=\"_blank\" rel=\"noopener noreferrer\">S. Ispas, M. Simileanu, C. Neamu, L. Ratoiu, L.M. Anghelu\u021b\u0103, Modern archives best practice: preservation of the archival materials and multifaceted digitization of the collections, in Restitutio - The Conservation-Restoration Bulletin of the National Village Museum \"Dimitrie Gusti\",  8, p. 90-94 (2014).<\/a><\/li>\r\n\t\t\r\n\r\n\r\n<li><a href=\"\" target=\"_blank\" rel=\"noopener noreferrer\">L.M. Anghelu\u0163\u0103, D.V. Ene, R. R\u0103dvan, M. Simileanu, L. Ratoiu, Open restoration site \u2013 modern intervention, trainings and long term monitoring processes, in Restitutio - The Conservation-Restoration Bulletin of the National Village Museum \"Dimitrie Gusti\", 8, p. 34-37 (2014).<\/a><\/li>\r\n\t\t\r\n<ol>\n","protected":false},"excerpt":{"rendered":"","protected":false},"author":1,"featured_media":0,"parent":0,"menu_order":0,"comment_status":"closed","ping_status":"closed","template":"","meta":{"_et_pb_use_builder":"off","_et_pb_old_content":"","_et_gb_content_width":"","jetpack_post_was_ever_published":false,"footnotes":""},"jetpack_sharing_enabled":true,"jetpack_shortlink":"https:\/\/wp.me\/PaKFbv-ls","_links":{"self":[{"href":"https:\/\/certo.inoe.ro\/test\/wp-json\/wp\/v2\/pages\/1330"}],"collection":[{"href":"https:\/\/certo.inoe.ro\/test\/wp-json\/wp\/v2\/pages"}],"about":[{"href":"https:\/\/certo.inoe.ro\/test\/wp-json\/wp\/v2\/types\/page"}],"author":[{"embeddable":true,"href":"https:\/\/certo.inoe.ro\/test\/wp-json\/wp\/v2\/users\/1"}],"replies":[{"embeddable":true,"href":"https:\/\/certo.inoe.ro\/test\/wp-json\/wp\/v2\/comments?post=1330"}],"version-history":[{"count":3,"href":"https:\/\/certo.inoe.ro\/test\/wp-json\/wp\/v2\/pages\/1330\/revisions"}],"predecessor-version":[{"id":2229,"href":"https:\/\/certo.inoe.ro\/test\/wp-json\/wp\/v2\/pages\/1330\/revisions\/2229"}],"wp:attachment":[{"href":"https:\/\/certo.inoe.ro\/test\/wp-json\/wp\/v2\/media?parent=1330"}],"curies":[{"name":"wp","href":"https:\/\/api.w.org\/{rel}","templated":true}]}}