{"id":1316,"date":"2020-09-16T14:56:54","date_gmt":"2020-09-16T11:56:54","guid":{"rendered":"http:\/\/certo.inoe.ro\/test\/?page_id=1316"},"modified":"2022-07-14T08:59:57","modified_gmt":"2022-07-14T05:59:57","slug":"published-papers-international-databases","status":"publish","type":"page","link":"https:\/\/certo.inoe.ro\/test\/published-papers-international-databases\/","title":{"rendered":"Papers published in international databases"},"content":{"rendered":"\n<ol>\r\n\r\n<li><a href=\"https:\/\/www.scientificbulletin.upb.ro\/rev_docs_arhiva\/rez4e9_440834.pdf\" target=\"_blank\" rel=\"noopener noreferrer\">M.A. P\u0103tra\u0219cu, G. Chi\u0219iu, Designing an eco-friendly assembly for enhanced portability of a custom laser-induced fluorescence system, in University Politehnica of Bucharest Scientific Bulletin-Series D, 87(1), 115-126 (2025).<\/a><\/li>\r\n\t\t\r\n\r\n\r\n<li><a href=\"https:\/\/www.researchgate.net\/publication\/386188718_A_6th_Century_Iron_Spangenhelm_from_Capidava\" target=\"_blank\" rel=\"noopener noreferrer\">A. Ra\u021biu, I.C. Opri\u0219, L.M. Anghelu\u021b\u0103, A 6th Century Iron Spangenhelm from Capidava, in Cercet\u0103ri Arheologice, 31(2), 469-486 (2024).<\/a><\/li>\r\n\t\t\r\n\r\n\r\n<li><a href=\"https:\/\/www.researchgate.net\/publication\/371984593_Characterization_of_residues_found_within_some_Roman_unguentaria_glass_artefacts_preliminary_results_of_a_multi-disciplinary_approach\" target=\"_blank\" rel=\"noopener noreferrer\">I.M. Cortea, O. \u021aentea, Characterization of residues found within some Roman unguentaria glass artefacts: preliminary results of a multi-disciplinary approach, in Cercet\u0103ri Arheologice 30(1), 345-354 (2023).<\/a><\/li>\r\n\t\t\r\n\r\n\r\n<li><a href=\"https:\/\/www.researchgate.net\/publication\/374703530_INFRA-ART_spectral_library_A_new_open_access_infrastructure_for_heritage_science\" target=\"_blank\" rel=\"noopener noreferrer\">I.M. Cortea, A. Chiro\u0219ca, L.M. Anghelu\u021b\u0103, G. Seri\u021ban, INFRA-ART spectral library: a new open access infrastructure for heritage science. In Lasers in the Conservation of Artworks XIII. Proceedings of the International Conference on Lasers in the Conservation of Artworks XIII (LACONA XIII), 12-16 September 2022, Florence, Italy. S. Siano, D. Ciofini, Eds.; CRC Press, p. 37-47 (2023).<\/a><\/li>\r\n\t\t\r\n\r\n\r\n<li><a href=\"https:\/\/www.researchgate.net\/publication\/374720241_Non-destructive_investigation_of_a_late_panel_painting_by_Lucas_Cranach_the_Elder\" target=\"_blank\" rel=\"noopener noreferrer\">I.M. Cortea, L. Ratoiu, R. R\u0103dvan, Non-destructive investigation of a late panel painting by Lucas Cranach the Elder. In Lasers in the Conservation of Artworks XIII. Proceedings of the International Conference on Lasers in the Conservation of Artworks XIII (LACONA XIII), 12-16 September 2022, Florence, Italy. S. Siano, D. Ciofini, Eds.; CRC Press, p. 22-30 (2023).<\/a><\/li>\r\n\t\t\r\n\r\n\r\n<li><a href=\"https:\/\/www.researchgate.net\/publication\/376109965_Searching_for_Signs_of_an_Old_Wooden_Church_in_BrebMaramures\" target=\"_blank\" rel=\"noopener noreferrer\">V. Dr\u0103gu\u021b, L.C. Ratoiu, Searching for Signs of an Old Wooden Church in Breb,Maramure\u015f, In Proceedings of the 12th International Workshop on Advanced Ground Penetrating Radar (IWAGPR), Lisbon, Portugal. IEEE, p. 1-4 (2023).<\/a><\/li>\r\n\t\t\r\n\r\n\r\n<li><a href=\"https:\/\/www.researchgate.net\/publication\/375594831_The_Roman_Sports_Cavalry_Helmet_from_Islaz_Teleorman_County_Romania\" target=\"_blank\" rel=\"noopener noreferrer\">A. Ra\u021biu, M.Simion, L.M. Anghelu\u021b\u0103, The Roman Sports Cavalry Helmet from Islaz (Teleorman County, Romania), in Cercet\u0103ri Arheologice, 30(2), 669-690 (2023).<\/a><\/li>\r\n\t\t\r\n\r\n\r\n<li><a href=\"https:\/\/www.researchgate.net\/publication\/361919859_Virtual_reconstruction_and_restoration_of_an_uncommon_bronze_vessel_from_the_Malaiesti_Roman_fort\" target=\"_blank\" rel=\"noopener noreferrer\">L.M. Anghelu\u021b\u0103, O. \u021aentea, A. Dozsa, Virtual reconstruction and restoration of an uncommon bronze vessel from the M\u0103l\u0103ie\u0219ti Roman fort, Cercet\u0103ri Arheologice, 29(1), 245-258 (2022).<\/a><\/li>\r\n\t\t\r\n\r\n\r\n<li><a href=\"https:\/\/ieeexplore.ieee.org\/document\/9450791\" target=\"_blank\" rel=\"noopener noreferrer\">A. Chelmu\u0219, 3D GPR models generated from 2D profiles validation through archaeological excavation. Proceedings of the 13th International Conference on Developments in eSystems Engineering (DeSE 2020). Liverpool, United Kingdom, 374-377 (2020).<\/a><\/li>\r\n\t\t\r\n\r\n\r\n<li><a href=\"https:\/\/www.researchgate.net\/publication\/340893401_Improving_GPR_Data_Corroboration_by_Generating_3D_Files_from_2D_Profiles\" target=\"_blank\" rel=\"noopener noreferrer\">A. Chelmu\u0219, Improving GPR data corroboration by generating 3D files from 2D profiles. Proceedings of the 12th International Conference on Developments in eSystems Engineering (DeSE 2019). Kazan, Russia, 883-885 (2019).<\/a><\/li>\r\n\t\t\r\n\r\n\r\n<li><a href=\"\" target=\"_blank\" rel=\"noopener noreferrer\">A. Tirado-Hern\u00e1ndez, J. Becerra, R. Ortiz, P. Ortiz, A. G\u00f3mez-Mor\u00f3n, L. Ghervase, I.M. Cortea, A. Chelmu\u0219, R. R\u0103dvan. In situ study by XRF and LDV of mural paintings in Magdalena church (Seville, Spain), in Science and Digital Technology for Cultural Heritage \u2013 Interdisciplinary Approach to Diagnosis, Vulnerability, Risk Assessment and Graphic Information Models \u2013 Proceedings of the 4th International Congress Science and Technology for the Conservation of Cultural Heritage (TECHNOHERITAGE 2019), CRC Press\/Balkema, ISBN: 9780367363680, p. 343-347 (2019).<\/a><\/li>\r\n\t\t\r\n\r\n\r\n<li><a href=\"\" target=\"_blank\" rel=\"noopener noreferrer\">A. Tirado-Hern\u00e1ndez, R. Ortiz, P. Ortiz, J. Becerra, R. R\u0103dvan, A. Chelmus, L. Ratoiu, Interlaboratory experience to evaluate the vulnerability of churches in Seville (Spain), in Science and Digital Technology for Cultural Heritage - Interdisciplinary Approach to Diagnosis, Vulnerability, Risk Assessment and Graphic Information Models - Proceedings of the 4th International Congress Science and Technology for the Conservation of Cultural Heritage (TECHNOHERITAGE 2019), CRC Press\/Balkema, ISBN: 9780367363680, p. 409-413 (2019).<\/a><\/li>\r\n\t\t\r\n\r\n\r\n<li><a href=\"https:\/\/www.researchgate.net\/publication\/335415056_MACRO_PHOTOGRAMMETRY_FOR_THE_DAMAGE_ASSESSMENT_OF_ARTWORK_PAINTED_SURFACES\" target=\"_blank\" rel=\"noopener noreferrer\">L.M. Anghelu\u021b\u0103, R. R\u0103dvan, Macro photogrammetry for the damage assessment of artwork painted surfaces. International Archives of the Photogrammetry, Remote Sensing and Spatial Information Sciences - ISPRS Archives. XLII-2\/W15, 101\u2013107 (2019).<\/a><\/li>\r\n\t\t\r\n\r\n\r\n<li><a href=\"\" target=\"_blank\" rel=\"noopener noreferrer\">A. G\u00f3mez-Moron, P. Ortiz, R. Ortiz, J. Becerra, R. G\u00f3mez-Ca\u00f1ada, R. R\u0103dvan, A. Chelmu\u0219, L. Ratoiu, L. Ghervase, I.M. Cortea, C. Constantin, L. Anghelu\u021b\u0103. Non-destructive techniques applied to in situ study of Maqsura at Cordoba cathedral (Spain), in Science and Digital Technology for Cultural Heritage \u2013 Interdisciplinary Approach to Diagnosis, Vulnerability, Risk Assessment and Graphic Information Models \u2013 Proceedings of the 4th International Congress Science and Technology for the Conservation of Cultural Heritage (TECHNOHERITAGE 2019), CRC Press\/Balkema), ISBN: 9780367363680, p. 338-342 (2019).<\/a><\/li>\r\n\t\t\r\n\r\n\r\n<li><a href=\"\" target=\"_blank\" rel=\"noopener noreferrer\">A. Tirado-Hern\u00e1ndez, J. Becerra, R. Ortiz, P. Ortiz, A. Gomez-Moron, L. Ghervase, I.M. Cortea, L. Anghelu\u021b\u0103, R. R\u0103dvan, Non-destructive techniques applied to the study and diagnosis of ceramic and glazed terracotta tombs in Omnium Sanctorum church (Seville, Spain), in Science and Digital Technology for Cultural Heritage \u2013 Interdisciplinary Approach to Diagnosis, Vulnerability, Risk Assessment and Graphic Information Models \u2013 Proceedings of the 4th International Congress Science and Technology for the Conservation of Cultural Heritage (TECHNOHERITAGE 2019), CRC Press\/Balkema, ISBN: 9780367363680, p. 348-352 (2019).<\/a><\/li>\r\n\t\t\r\n\r\n\r\n<li><a href=\"https:\/\/www.researchgate.net\/publication\/331347546_Aerial_Investigations_Corroboration_for_Archaeology_and_Monuments\" target=\"_blank\" rel=\"noopener noreferrer\">A. Chelmu\u0219, R. R\u0103dvan, L.M. Anghelu\u021b\u0103, Aerial investigations corroboration for archaeology and monuments. Proceedings of the 11th International Conference on Developments in eSystems Engineering (DeSE 2018). Cambridge, United Kingdom, 113-116 (2018).<\/a><\/li>\r\n\t\t\r\n\r\n\r\n<li><a href=\"https:\/\/www.researchgate.net\/publication\/330521228_Multi-_And_Inter-_Disciplinary_Approaches_in_the_Documentation_and_Monitoring_of_Cultural_Heritage_Assets\" target=\"_blank\" rel=\"noopener noreferrer\">L.M. Anghelu\u021b\u0103, R. R\u0103dvan, Multi- and inter- disciplinary approaches in the scientific documentation and monitoring of cultural heritage assets. Annals of the \u201dDunarea de Jos\u201d University of Galati. Fascicle II, Mathematics, Physics, Theoretical Mechanics. 41, 121\u2013127 (2018).<\/a><\/li>\r\n\t\t\r\n\r\n\r\n<li><a href=\"https:\/\/www.researchgate.net\/publication\/338990489_Multi-step_Approach_for_Characterization_of_Artworks_Based_on_Hyperspectral_Imaging_and_Complementary_Techniques\" target=\"_blank\" rel=\"noopener noreferrer\">R. R\u0103dvan, L. Ratoiu, I.M. Cortea, A. Chelmu\u0219, L. Anghelu\u021b\u0103, D. Marinescu, Multi-step approach for characterization of artworks based on hyperspectral imaging and complementary techniques. Proceedings of the 11th International Conference on Developments in eSystems Engineering (DeSE 2018). Cambridge, United Kingdom, 117-122 (2018).<\/a><\/li>\r\n\t\t\r\n\r\n\r\n<li><a href=\"https:\/\/www.researchgate.net\/publication\/337884038_Study_of_air_quality_in_the_museum_environment_Galati_study_case\" target=\"_blank\" rel=\"noopener noreferrer\">A.I. Ro\u0219u, D.E. Constantin, A. Maxim, M. Timofti, M.  Voiculescu, B. Ro\u0219u, V. Calmuc, A.I. Chelmu\u0219, Study of air quality in the museum environment. Galati study case. Annals of the \u201dDunarea de Jos\u201d University of Galati. Fascicle II, Mathematics, Physics, Theoretical Mechanics. 41, 204\u2013211 (2018).<\/a><\/li>\r\n\t\t\r\n\r\n\r\n<li><a href=\"https:\/\/www.researchgate.net\/publication\/317060762_INTEGRATED_DIGITAL_PLATFORM_FOR_THE_VALORIZATION_OF_A_CULTURAL_LANDSCAPE\" target=\"_blank\" rel=\"noopener noreferrer\">L.M. Anghelu\u021b\u0103, L. Ratoiu, A.I. Chelmu\u015f, R. R\u0103dvan, A. Petculescu, Integrated digital platform for the valorization of a cultural landscape. International Archives of the Photogrammetry, Remote Sensing and Spatial Information Sciences - ISPRS Archives. 42, 389\u2013393 (2017).<\/a><\/li>\r\n\t\t\r\n\r\n\r\n<li><a href=\"https:\/\/www.researchgate.net\/publication\/317060761_Virtual_Archaeodrome_for_the_Archaeological_Site_from_Ulpia_Traiana_Sarmizegetusa\" target=\"_blank\" rel=\"noopener noreferrer\">L. Anghelu\u021b\u0103, R. R\u0103dvan, A. Chelmu\u0219, L. Ratoiu, I.M. Cortea, L. Ghervase , Virtual archaeodrome for the archaeological site from Ulpia Traiana Sarmizegetusa. International Archives of the Photogrammetry, Remote Sensing and Spatial Information Sciences - ISPRS Archives. 42, 351-356 (2017).<\/a><\/li>\r\n\t\t\r\n\r\n\r\n<li><a href=\"https:\/\/www.researchgate.net\/publication\/309561474_Conservation_and_Valorization_of_Heritage_Ethnographic_Textiles\" target=\"_blank\" rel=\"noopener noreferrer\">A. Ispas, C. Popescu, G. Ro\u0219u, H. R\u0103dulescu, H. Fischer, P. Roedel, M. Dinu, R. R\u0103dvan, Conservation and valorization of heritage ethnographic textiles. Progress in Cultural Heritage: Documentation, Preservation, and Protection - Proceedings of the Euro-Mediterranean Conference (EuroMed 2016). Springer Verlag, 10059, 151-159 (2016).<\/a><\/li>\r\n\t\t\r\n\r\n\r\n<li><a href=\"https:\/\/www.researchgate.net\/publication\/283798834_An_interdisciplinary_field_campaign_for_modern_investigation_and_monitoring_in_preservation_and_restoration\" target=\"_blank\" rel=\"noopener noreferrer\">L.M. Anghelu\u021b\u0103, D. Ene, An interdisciplinary field campaign for modern investigation and monitoring in preservation and restoration. International Journal of Conservation Science. 6, 455\u2013464 (2015).<\/a><\/li>\r\n\t\t\r\n\r\n\r\n<li><a href=\"https:\/\/www.researchgate.net\/publication\/301394059_Combined_spectroscopic_analysis_for_identification_of_mural_paintings_materials\" target=\"_blank\" rel=\"noopener noreferrer\">I.M. Cortea, L. Ghervase, M. Dumbr\u0103vicean, Combined spectroscopic analysis for identification of mural paintings materials. Proceedings of the 22nd International Conference on Systems, Signals and Image Processing (IWSSIP 2015), London, UK. IEEE, 329-332 (2015).<\/a><\/li>\r\n\t\t\r\n\r\n\r\n<li><a href=\"https:\/\/www.researchgate.net\/publication\/308832625_Fast_documentation_and_accurate_real-time_investigation_for_historical_Buddhist_building\" target=\"_blank\" rel=\"noopener noreferrer\">D. Ene, R. R\u0103dvan, Fast documentation and accurate real-time investigation for historical Buddhist building. Proceedings of the 22nd International Conference on Systems, Signals and Image Processing  (IWSSIP 2015), London, UK. IEEE, 333-338 (2015).<\/a><\/li>\r\n\t\t\r\n\r\n\r\n<li><a href=\"https:\/\/www.researchgate.net\/publication\/282375496_Folkmedia_A_modern_approach_on_preservation_of_Romanian_folklore_archive\" target=\"_blank\" rel=\"noopener noreferrer\">M. Simileanu, S. Ispas, L. Ratoiu, L. Anghelu\u0163\u0103, C. Neamu, Folkmedia: A modern approach on preservation of Romanian folklore archive. International Journal of Conservation Science. 6, 201\u2013208 (2015).<\/a><\/li>\r\n\t\t\r\n\r\n\r\n<li><a href=\"https:\/\/www.researchgate.net\/publication\/308860238_Ground_penetrating_radar_survey_inside_a_historical_monument\" target=\"_blank\" rel=\"noopener noreferrer\">A. Chelmu\u0219, Ground penetrating radar survey inside a historical monument. Proceedings of the 22nd International Conference on Systems, Signals and Image Processing (IWSSIP 2015), London, UK. IEEE, 325-328 (2015).<\/a><\/li>\r\n\t\t\r\n\r\n\r\n<li><a href=\"https:\/\/www.researchgate.net\/publication\/308865802_X-ray_image_analysis_for_cultural_heritage_investigations\" target=\"_blank\" rel=\"noopener noreferrer\">C. Armeanu, X-ray image analysis for cultural heritage investigations. Proceedings of the 22nd International Conference on Systems, Signals and Image Processing (IWSSIP 2015), London, UK. IEEE, 321-324 (2015).<\/a><\/li>\r\n\t\t\r\n\r\n\r\n<li><a href=\"https:\/\/www.researchgate.net\/publication\/282285751_Contemporary_art_materials_tests\" target=\"_blank\" rel=\"noopener noreferrer\">R. R\u01cedvan, I. M. Cortea, D. Ene, A. R\u01cedvan, Contemporary art materials tests. International Journal of Conservation Science. 4, 613\u2013620 (2013).<\/a><\/li>\r\n\t\t\r\n\r\n\r\n<li><a href=\"https:\/\/www.researchgate.net\/publication\/294121451_Using_Virtual_World_Environments_in_Conservation-Restoration\" target=\"_blank\" rel=\"noopener noreferrer\">L.M. Anghelu\u021b\u0103, Using virtual world environments in conservation-restoration. Proceedings of the 6th International Conference on Developments in ESystems Engineering (DeSE 2013), Abu Dhabi, United Arab Emirates. IEEE, 221-224 (2013).<\/a><\/li>\r\n\t\t\r\n\r\n\r\n<li><a href=\"https:\/\/www.researchgate.net\/publication\/241635991_Digital_Model_for_Cultural_Heritage_Conservation_Status_Evaluation\" target=\"_blank\" rel=\"noopener noreferrer\">D. Ene, R. R\u0103dvan, Digital model for cultural heritage conservation status evaluation. Proceedings of the 4th International Conference on Developments in eSystems Engineering (DeSE 2011), Dubai, United Arab Emirates. IEEE, 627-631 (2011).<\/a><\/li>\r\n\t\t\r\n\r\n\r\n<li><a href=\"https:\/\/www.researchgate.net\/publication\/259742783_Ground_penetrating_radar_prospections_in_Romania_Mariuta-la_movila_necropolis_a_case_study\" target=\"_blank\" rel=\"noopener noreferrer\">C. Laz\u01cer, D. Ene, V. Parnic, D. N. Popovici, M. Florea, Ground penetrating radar prospections in Romania. M\u01ceriuta-la movil\u01ce necropolis, a case study. Mediterranean Archaeology and Archaeometry. 11, 79\u201389 (2011).<\/a><\/li>\r\n\t\t\r\n\r\n\r\n<li><a href=\"https:\/\/www.researchgate.net\/publication\/241635990_New_Perspectives_for_Cultural_Heritage_Conservation_Raised_beyond_Advanced_Science_and_IT\" target=\"_blank\" rel=\"noopener noreferrer\">A. Moldovan, R. R\u0103dvan, L.M. Anghelu\u0163\u0103, D. Ene, New perspectives for cultural heritage conservation raised beyond advanced science and IT. Proceedings of the 4th International Conference on Developments in eSystems Engineering (DeSE 2011), Dubai, United Arab Emirates. IEEE, 616-620 (2011).<\/a><\/li>\r\n\t\t\r\n\r\n\r\n<li><a href=\"\" target=\"_blank\" rel=\"noopener noreferrer\">D. Ene, R. R\u0103dvan, 3D laser reconstructions of Buddhist temple from Ladakh, in Lasers in the Conservation of Artworks \u2013 Proceedings of the International Conference LACONA 8, Sibiu, Romania, 21-25 September 2009, CRC Press, ISBN: 978-0415580731, p. 199-202 (2010).<\/a><\/li>\r\n\t\t\r\n\r\n\r\n<li><a href=\"https:\/\/www.researchgate.net\/publication\/232642958_A_Theoretical_Approach_Based_on_the_Correlation_of_Unified_Data_for_Different_Analyzing_Techniques_Used_in_the_Modern_Investigation_of_Artworks\" target=\"_blank\" rel=\"noopener noreferrer\">L.M. Anghelu\u0163\u0103, R. Alexandros, A theoretical approach based on the correlation of unified data for different analyzing techniques used in the modern investigation of artworks. Proceedings of the 3rd International Conference on Developments in eSystems Engineering (DeSE 2010), London, UK. IEEE, 89-92 (2010).<\/a><\/li>\r\n\t\t\r\n\r\n\r\n<li><a href=\"https:\/\/www.researchgate.net\/publication\/224194165_Associate_Model_of_Methods_Used_for_Restoration_Conservation_Resources\" target=\"_blank\" rel=\"noopener noreferrer\">D. Ene, R. R\u0103dvan, Associate model of methods used for restoration \/ conservation resources. Proceedings of the 3rd International Conference on Developments in eSystems Engineering (DeSE 2010), London, UK. IEEE, 85-88 (2010).<\/a><\/li>\r\n\t\t\r\n\r\n\r\n<li><a href=\"\" target=\"_blank\" rel=\"noopener noreferrer\">L.M. Anghelu\u021b\u0103, Editing protocol for the digital mapping of related imagistic investigations, in Lasers in the Conservation of Artworks \u2013 Proceedings of the International Conference LACONA 8, Sibiu, Romania, 21-25 September 2009, CRC Press, ISBN: 978-0415580731, p. 215-220 (2010).<\/a><\/li>\r\n\t\t\r\n\r\n\r\n<li><a href=\"\" target=\"_blank\" rel=\"noopener noreferrer\">W. Kautek, M. Oujja, M. Castillejo, J. Hildenhagen, V. Ljubic, M. Simileanu, W. M\u0103r\u0103cineanu, R. R\u0103dvan, V. Zafiropulos, N. Melniciuc, G. Pajagic Bregar, M. Strlic, Laser cleaning and multi-method diagnostics of textile pieces of art, in Lasers in the Conservation of Artworks \u2013 Proceedings of the International Conference LACONA 7, Madrid, Spain, 17-21 September 2007, CRC Press, ISBN: 978-0415475969, p. 371-374 (2008).<\/a><\/li>\r\n\t\t\r\n\r\n\r\n<li><a href=\"\" target=\"_blank\" rel=\"noopener noreferrer\">M. Oujja, M. Castillejo, W. M\u0103r\u0103cineanu, M. Simileanu, R. R\u0103dvan, V. Zafiropulos, D. Ferro, LIBS analysis of metal artefacts from Sucevita Monastery, Romania, in Lasers in the Conservation of Artworks \u2013 Proceedings of the International Conference LACONA 7, Madrid, Spain, 17-21 September 2007, CRC Press, ISBN: 978-0415475969, p. 133-139 (2008).<\/a><\/li>\r\n\t\t\r\n\r\n\r\n<li><a href=\"https:\/\/www.researchgate.net\/publication\/267933925_Non-contact_and_Non-invasive_Photonic_Device_for_Qualitative_Fungal_Contamination_Control\" target=\"_blank\" rel=\"noopener noreferrer\">L.M. Anghelu\u021b\u0103, J. Striber, R. R\u0103dvan, I. Gomoiu, V. Dragomir, Non-contact and non-invasive photonic device for qualitative fungal contamination control. Proceedings of the 9th WSEAS International Conference on Mathematics and Computers in Biology and Chemistry (MBBC 2008). WSEAS, 199\u2013205 (2008).<\/a><\/li>\r\n\t\t\r\n\r\n\r\n<li><a href=\"\" target=\"_blank\" rel=\"noopener noreferrer\">J. Hildenhagen, K. Dickmann, W. M\u0103r\u0103cineanu, R. R\u0103dvan, Soot removal from artificial fresco models by KrF excimer laser, in Lasers in the Conservation of Artworks \u2013 Proceedings of the International Conference LACONA 7, Madrid, Spain, 17-21 September 2007, CRC Press, ISBN: 978-0415475969, p. 249-251 (2008).<\/a><\/li>\r\n\t\t\r\n\r\n\r\n<li><a href=\"\" target=\"_blank\" rel=\"noopener noreferrer\">M. Strlic, J. Kolar, G. Pajagic Bregar, V. Ljubic, R. R\u0103dvan, M. Simileanu, W. M\u0103r\u0103cineanu, J. Hildenhagen, M. Castillejo, M., Oujja, W. Kautek, V. Zafiropulos, T. Sinigalia, O. Boldura, N. Melniciuc, Use of laser and optical diagnostic techniques on paper: The Pomelnic from Sucevita Monastery (Romania), in Lasers in the Conservation of Artworks \u2013 Proceedings of the International Conference LACONA 7, Madrid, Spain, 17-21 September 2007, CRC Press, ISBN: 978-0415475969, p. 357-360 (2008).<\/a><\/li>\r\n\t\t\r\n\r\n\r\n<li><a href=\"https:\/\/www.researchgate.net\/publication\/271489776_A_complex_portable_optoelectronic_setup_for_on_site_interventions_-_Case_studies_-_art_no_63450U\" target=\"_blank\" rel=\"noopener noreferrer\">M. Simileanu, W. M\u0103r\u0103cineanu, C. Deciu, J. Striber, R. R\u0103dvan, A complex portable optoelectronic setup for on site interventions - Case studies. Proceedings of the 7th International Conference on Vibration Measurements by Laser Techniques: Advances and Applications. SPIE, 6345 (2006).<\/a><\/li>\r\n\t\t\r\n\r\n\r\n<li><a href=\"\" target=\"_blank\" rel=\"noopener noreferrer\">R. R\u0103dvan, COST G7 action creates a durable instrument for advanced research implementation in artwork conservation by laser, in Lasers in the Conservation of Artworks \u2013 Proceedings of the International Conference LACONA 5, Osnabr\u00fcck, Germany, 15-18 September 2003, Springer, p. 381-387 (2005).<\/a><\/li>\r\n\t\t\r\n\r\n\r\n<li><a href=\"https:\/\/www.researchgate.net\/publication\/252109284_Lasers_in_conservation_of_artworks_the_European_Community_research\" target=\"_blank\" rel=\"noopener noreferrer\">R. Salimbeni, V. Zafiropulos, R. R\u0103dvan, V. Verges-Belmin, Wo. Kautek, A. Andreoni, G.Sliwinski, M. Castillejo, S.R. Ahmad, Lasers in conservation of artworks: the European Community research. Advanced Laser Technologies, SPIE, 5850 (2005).<\/a><\/li>\r\n\t\t\r\n\r\n\r\n<li><a href=\"\" target=\"_blank\" rel=\"noopener noreferrer\">V. Lazic, F. Colao, R. Fantoni, L. Fiorani, A. Palucci, J. Striber, A. Santagata, A. Morone, V. Spizzicchino, Spectroscopic monitoring of the laser cleaning applied to ancient marbles from Mediterranean areas, in Lasers in the Conservation of Artworks \u2013 Proceedings of the International Conference LACONA 5, Osnabr\u00fcck, Germany, 15-18 September 2003, Springer, p. 451-456 (2005).<\/a><\/li>\r\n\t\t\r\n\r\n\r\n<li><a href=\"https:\/\/www.researchgate.net\/publication\/252221781_Diagnostics_of_stone_samples_by_laser_induced_fluorescence\" target=\"_blank\" rel=\"noopener noreferrer\">F. Colao, R. Fantoni, L. Fiorani, A. Palucci, J. Striber, Diagnostics of stone samples by laser induced fluorescence. Proceedings of the 7th Conference on Optics (ROMOPTO 2003). SPIE, 5581 (2004).<\/a><\/li>\r\n\t\t\r\n\r\n\r\n<li><a href=\"https:\/\/www.researchgate.net\/publication\/252298318_Optical_methods_in_tempera-on-wood_painting_restoration\" target=\"_blank\" rel=\"noopener noreferrer\">W. M\u0103r\u0103cineanu, V. Coman, J. Striber, Optical methods in tempera-on-wood painting restoration. Proceedings of the 7th Conference on Optics (ROMOPTO 2003). SPIE, 5581 (2004).<\/a><\/li>\r\n\t\t\r\n\r\n\r\n<li><a href=\"https:\/\/www.researchgate.net\/publication\/260955430_Chromatic_analysis_of_the_pigments_behavior_after_laser_irradiation\" target=\"_blank\" rel=\"noopener noreferrer\">R. R\u0103dvan, N. Popescu, S. Dan, C. Com\u0219ia, Chromatic analysis of the pigments behavior after laser irradiation. Proceedings of the 6th Conference on Optics (ROMOPTO 2000). SPIE, 4430 (2001).<\/a><\/li>\r\n\t\t\r\n\r\n\r\n<li><a href=\"\" target=\"_blank\" rel=\"noopener noreferrer\">R. R\u0103dvan, A. Rudnic, N. Popovici, D. Savastru, R. Savastru, C. Com\u0219ia, Comparative study of the various pigments with different ages after controlled laser irradiation process, in Lasers in the Conservation of Artworks \u2013 Proceedings of the International Conference LACONA 4, Paris, France, 11-14 September 2001, International Council on Monuments and Sites, p. 337-340 (2001).<\/a><\/li>\r\n\t\t\r\n\r\n\r\n<li><a href=\"https:\/\/www.researchgate.net\/publication\/252973110_Comparison_of_laser_regimes_for_stamp_cleaning\" target=\"_blank\" rel=\"noopener noreferrer\">R. R\u0103dvan, S. Dan, N. Popovici, J. Striber, D. Savastru, R. Savastru. Comparison of laser regimes for stamp cleaning. Laser Techniques and Systems in Art Conservation. SPIE, 4402 (2001).<\/a><\/li>\r\n\t\t\r\n\r\n\r\n<li><a href=\"https:\/\/www.researchgate.net\/publication\/252985852_Whiteness_behavior_of_artwork%27s_various_materials_after_cleaning_process_using_NdYAG_laser_beam\" target=\"_blank\" rel=\"noopener noreferrer\">R. R\u0103dvan, N. Popescu, S. Dan, C. Com\u015fia, Whiteness behavior of artworks various materials after cleaning process using Nd:YAG laser beam. Proceedings of the 6th Conference on Optics (ROMOPTO 2000). SPIE, 4430, 329\u2013333 (2001).<\/a><\/li>\r\n\t\t\r\n\r\n\r\n<li><a href=\"https:\/\/www.researchgate.net\/publication\/260969663_Working_distance_control_and_aiming_system_for_artwork_restoration_equipment_with_laser_beam\" target=\"_blank\" rel=\"noopener noreferrer\">R. R\u0103dvan, R. Savastru, D. Savastru, Working distance control and aiming system for artwork restoration equipment with laser beam. Proceedings of the 6th Conference on Optics (ROMOPTO 2000). SPIE, 4430, 325\u2013328 (2001).<\/a><\/li>\r\n\t\t\r\n<ol>\n","protected":false},"excerpt":{"rendered":"","protected":false},"author":1,"featured_media":0,"parent":0,"menu_order":0,"comment_status":"closed","ping_status":"closed","template":"","meta":{"_et_pb_use_builder":"off","_et_pb_old_content":"","_et_gb_content_width":"","jetpack_post_was_ever_published":false,"footnotes":""},"jetpack_sharing_enabled":true,"jetpack_shortlink":"https:\/\/wp.me\/PaKFbv-le","_links":{"self":[{"href":"https:\/\/certo.inoe.ro\/test\/wp-json\/wp\/v2\/pages\/1316"}],"collection":[{"href":"https:\/\/certo.inoe.ro\/test\/wp-json\/wp\/v2\/pages"}],"about":[{"href":"https:\/\/certo.inoe.ro\/test\/wp-json\/wp\/v2\/types\/page"}],"author":[{"embeddable":true,"href":"https:\/\/certo.inoe.ro\/test\/wp-json\/wp\/v2\/users\/1"}],"replies":[{"embeddable":true,"href":"https:\/\/certo.inoe.ro\/test\/wp-json\/wp\/v2\/comments?post=1316"}],"version-history":[{"count":3,"href":"https:\/\/certo.inoe.ro\/test\/wp-json\/wp\/v2\/pages\/1316\/revisions"}],"predecessor-version":[{"id":2230,"href":"https:\/\/certo.inoe.ro\/test\/wp-json\/wp\/v2\/pages\/1316\/revisions\/2230"}],"wp:attachment":[{"href":"https:\/\/certo.inoe.ro\/test\/wp-json\/wp\/v2\/media?parent=1316"}],"curies":[{"name":"wp","href":"https:\/\/api.w.org\/{rel}","templated":true}]}}