{"id":34,"date":"2020-10-01T13:02:09","date_gmt":"2020-10-01T13:02:09","guid":{"rendered":"http:\/\/certo.inoe.ro\/pegasus\/?page_id=34"},"modified":"2020-10-21T11:23:15","modified_gmt":"2020-10-21T11:23:15","slug":"parteneri","status":"publish","type":"page","link":"https:\/\/certo.inoe.ro\/pegasus\/parteneri\/","title":{"rendered":"Parteneri"},"content":{"rendered":"\n<div class=\"wp-block-group alignwide\"><div class=\"wp-block-group__inner-container\">\n<div class=\"wp-block-columns alignwide\">\n<div class=\"wp-block-column\">\n<p>[<strong>COORDONATOR] ENERGY &amp; ECO CONCEPT SRL<\/strong> este o societate comercial\u0103 constituit\u0103 conform Legii nr. 31\/1990, \u00eenfiin\u021bat\u0103 \u00een anul 2012, cu activitate \u00een domeniile cercetare-dezvoltare-inovare \u0219i inginerie, activit\u0103\u021bi de proiectare \u00een domeniul energetic. Ofer\u0103 o gam\u0103 variat\u0103 de servicii \u00een domeniul tehnologiilor \u0219i instala\u021biilor energetice \u0219i de protec\u021bie a mediului: consultan\u021b\u0103\/inginerie; elaborarea studiului de impact \u0219i a bilan\u021bului de mediu; execu\u021bie la montaj senzori \u0219i echipament achizi\u021bie de date; punerea \u00een func\u021biune a echipamentelor electrice \u0219i electronice \u0219i optimizarea parametrilor de func\u021bionare; efectuarea de audit de mediu. Dispune de o echip\u0103 multidisciplinar\u0103 cu o bogat\u0103 experien\u021b\u0103 profesional\u0103 \u00een aceste domenii.<\/p>\n\n\n\n<div class=\"wp-block-buttons\">\n<div class=\"wp-block-button is-style-outline\"><a class=\"wp-block-button__link has-text-color\" href=\"http:\/\/enecgroup.ro\/\" style=\"border-radius:50px;color:#ba0c49\" target=\"_blank\" rel=\"http:\/\/enecgroup.ro\/ noopener noreferrer\">Energy &amp; Eco Concept SRL<\/a><\/div>\n<\/div>\n<\/div>\n\n\n\n<div class=\"wp-block-column\">\n<p><strong>WING COMPUTER GROUP <\/strong>este o companie inovativ\u0103. Ce activeaz\u0103 de peste 17 ani pe pia\u021ba serviciilor de consultan\u021b\u0103 din Rom\u00e2nia, \u00een domeniul cercet\u0103rii \u2013 dezvolt\u0103rii \u2013 inov\u0103rii.&nbsp; Competen\u021bele de top \u00een domeniile de cercetare multidisciplinare \u0219i portofoliul bogat de proiecte, \u00eel pozi\u021bioneaz\u0103 \u00een acest moment, printre liderii na\u021bionali de pia\u021b\u0103 \u00een zona de consultan\u021b\u0103 \u0219tiin\u021bific\u0103 \u0219i tehnic\u0103.<\/p>\n\n\n\n<div class=\"wp-block-buttons\">\n<div class=\"wp-block-button is-style-outline\"><a class=\"wp-block-button__link has-text-color\" href=\"https:\/\/wing.ro\/\" style=\"border-radius:50px;color:#ba0c49\" target=\"_blank\" rel=\"https:\/\/wing.ro\/ noopener noreferrer\">WING Computer Group<\/a><\/div>\n<\/div>\n<\/div>\n\n\n\n<div class=\"wp-block-column\">\n<p><strong>Institutul Na\u0163ional de Cercetare-Dezvoltare pentru Optoelectronic\u0103 [INOE 2000]<\/strong> desf\u0103\u015foar\u0103 activit\u0103\u0163i dedicate dezvolt\u0103rii metodelor \u015fi tehnicilor pentru cercetarea, monitorizarea, investigarea-diagnosticarea \u015fi restaurarea bunurilor culturale \u00een cadrul Departamentului&nbsp;<strong>CERTO<\/strong>&nbsp;&#8211; Centrul de Excelen\u0163\u0103 pentru Restaurare prin Tehnici Optoelectronice &#8211; organizat \u00een 1996, la \u00eenfiin\u0163are, cu bogat\u0103 expertiz\u0103 \u00een domeniu. INOE este autorizat de Ministerul Culturii pentru investiga\u0163ii fizico-chimice \u00een domeniul restaur\u0103rii conserv\u0103rii (Autoriza\u0163ie nr.64\/27.05.2014), membru ICOMOS \u015fi ICOM, al Comitetului Tehnic pentru Standardizare \u00een domeniul bunurilor culturale CT380. Echipa INOE a activat \u00een re\u0163ele COST (TD42, IS1005, TD0902). INOE este membru al PSC LACONA &#8211; forul interna\u0163ional al comunit\u0103\u0163ii \u015ftiin\u0163ifice pentru aplica\u0163ii optoelectronice \u015fi extinse \u00een domeniul patrimoniului cultural.<\/p>\n\n\n\n<div class=\"wp-block-buttons\">\n<div class=\"wp-block-button is-style-outline\"><a class=\"wp-block-button__link has-text-color\" href=\"http:\/\/certo.inoe.ro\" style=\"border-radius:50px;color:#ba0c49\" target=\"_blank\" rel=\"certo.inoe.ro noopener noreferrer\">INOE 2000<\/a><\/div>\n<\/div>\n<\/div>\n<\/div>\n\n\n\n<p><\/p>\n<\/div><\/div>\n","protected":false},"excerpt":{"rendered":"<p>[COORDONATOR] ENERGY &amp; ECO CONCEPT SRL este o societate comercial\u0103 constituit\u0103 conform Legii nr. 31\/1990, \u00eenfiin\u021bat\u0103 \u00een anul 2012, cu activitate \u00een domeniile cercetare-dezvoltare-inovare \u0219i inginerie, activit\u0103\u021bi de proiectare \u00een domeniul energetic. Ofer\u0103 o gam\u0103 variat\u0103 de servicii \u00een domeniul tehnologiilor \u0219i instala\u021biilor energetice \u0219i de protec\u021bie a mediului: consultan\u021b\u0103\/inginerie; &hellip;<\/p>\n","protected":false},"author":1,"featured_media":0,"parent":0,"menu_order":0,"comment_status":"closed","ping_status":"closed","template":"","meta":[],"_links":{"self":[{"href":"https:\/\/certo.inoe.ro\/pegasus\/wp-json\/wp\/v2\/pages\/34"}],"collection":[{"href":"https:\/\/certo.inoe.ro\/pegasus\/wp-json\/wp\/v2\/pages"}],"about":[{"href":"https:\/\/certo.inoe.ro\/pegasus\/wp-json\/wp\/v2\/types\/page"}],"author":[{"embeddable":true,"href":"https:\/\/certo.inoe.ro\/pegasus\/wp-json\/wp\/v2\/users\/1"}],"replies":[{"embeddable":true,"href":"https:\/\/certo.inoe.ro\/pegasus\/wp-json\/wp\/v2\/comments?post=34"}],"version-history":[{"count":4,"href":"https:\/\/certo.inoe.ro\/pegasus\/wp-json\/wp\/v2\/pages\/34\/revisions"}],"predecessor-version":[{"id":46,"href":"https:\/\/certo.inoe.ro\/pegasus\/wp-json\/wp\/v2\/pages\/34\/revisions\/46"}],"wp:attachment":[{"href":"https:\/\/certo.inoe.ro\/pegasus\/wp-json\/wp\/v2\/media?parent=34"}],"curies":[{"name":"wp","href":"https:\/\/api.w.org\/{rel}","templated":true}]}}