{"id":31,"date":"2020-10-01T13:00:41","date_gmt":"2020-10-01T13:00:41","guid":{"rendered":"http:\/\/certo.inoe.ro\/pegasus\/?page_id=31"},"modified":"2020-10-21T12:21:06","modified_gmt":"2020-10-21T12:21:06","slug":"obiective","status":"publish","type":"page","link":"https:\/\/certo.inoe.ro\/pegasus\/obiective\/","title":{"rendered":"Obiective"},"content":{"rendered":"\n<p>Obiectivul principal proiectului \u00eel constituie cre\u0219terea competitivit\u0103\u021bii economice a <strong>ENERGY&amp;ECO CONCEPT SRL (CO)<\/strong>, prin transferul cuno\u0219tin\u021belor tehnice de la <strong>Institutul National de Cercetare- Dezvoltare pentru Optoelectronica<\/strong> si cu asistenta specializata a <strong>Wing Computer Group SRL (P2)<\/strong> pentru crearea unui model pilot de corelare a datelor aeriene imagistice \u0219i geofizice (GPR), capabil s\u0103 caracterizeze cu \u00eenalt\u0103 acurate\u021be nu doar suprafa\u021ba solului dar \u0219i subsolul, rezult\u00e2nd un produs cu aplicabilitate ampl\u0103 \u00een domeniului patrimoniului cultural.<\/p>\n\n\n\n<p>Pentru a atinge scopul principal al proiectului este necesar\u0103 indeplinierea a patru obiective. <\/p>\n\n\n\n<p><strong>Primul obiectiv<\/strong> const\u0103 \u00een proiectarea \u015fi dezvoltarea pachetului de corelare a datelor aeriene, \u00een paralel cu upgradarea sistemul radar cu penetrare \u00een sol existent pentru a putea fi folosit din aer (proiectarea \u015fi dezvoltarea software-ului de vizualizare \u015fi control \u00een timp real de la distan\u0163\u0103; crearea unui suport de montare a antenei GPR pe UAV). <\/p>\n\n\n\n<p><strong>Al doilea obiectiv<\/strong> const\u0103 \u00een verificarea pachetului de corelare a datelor aeriene prin utilizarea de date demonstrative din baza de date INCD \u015fi testarea \u00een laborator a capacitatii de utilizare din aer a sistemului GPR. <\/p>\n\n\n\n<p><strong>Cel de al treilea obiectiv<\/strong> const\u0103 \u00een efectuarea de m\u0103suratori in-situ \u015fi corelarea datelor ob\u0163inute \u00een produs cu scopul de a \u00eembun\u0103ta\u0163ii \u015fi finaliza pachetul de corelare. M\u0103suratorile in situ vor fi efectuate pe cazuistic\u0103 specific\u0103, cu amabilitatea Asocia\u021biei Arca de la Moti\u0219, Funda\u021biei DALA, a Muzeul viticulturii \u015fi pomiculturii Gole\u015fti \u015fi a Comisiei Na\u021bionale de Arheologie. <\/p>\n\n\n\n<p><strong>Al patrulea obiectiv <\/strong>reprezint\u0103 un pas esen\u0163ial in livrare rezultatului proiectului &#8211; respectiv validarea pachetului de corelare a datelor prin compararea datelor aeriene cu rezultatele investigatiilor f\u0103cute la sol.<\/p>\n","protected":false},"excerpt":{"rendered":"<p>Obiectivul principal proiectului \u00eel constituie cre\u0219terea competitivit\u0103\u021bii economice a ENERGY&amp;ECO CONCEPT SRL (CO), prin transferul cuno\u0219tin\u021belor tehnice de la Institutul National de Cercetare- Dezvoltare pentru Optoelectronica si cu asistenta specializata a Wing Computer Group SRL (P2) pentru crearea unui model pilot de corelare a datelor aeriene imagistice \u0219i geofizice (GPR), &hellip;<\/p>\n","protected":false},"author":1,"featured_media":0,"parent":0,"menu_order":0,"comment_status":"closed","ping_status":"closed","template":"","meta":[],"_links":{"self":[{"href":"https:\/\/certo.inoe.ro\/pegasus\/wp-json\/wp\/v2\/pages\/31"}],"collection":[{"href":"https:\/\/certo.inoe.ro\/pegasus\/wp-json\/wp\/v2\/pages"}],"about":[{"href":"https:\/\/certo.inoe.ro\/pegasus\/wp-json\/wp\/v2\/types\/page"}],"author":[{"embeddable":true,"href":"https:\/\/certo.inoe.ro\/pegasus\/wp-json\/wp\/v2\/users\/1"}],"replies":[{"embeddable":true,"href":"https:\/\/certo.inoe.ro\/pegasus\/wp-json\/wp\/v2\/comments?post=31"}],"version-history":[{"count":4,"href":"https:\/\/certo.inoe.ro\/pegasus\/wp-json\/wp\/v2\/pages\/31\/revisions"}],"predecessor-version":[{"id":55,"href":"https:\/\/certo.inoe.ro\/pegasus\/wp-json\/wp\/v2\/pages\/31\/revisions\/55"}],"wp:attachment":[{"href":"https:\/\/certo.inoe.ro\/pegasus\/wp-json\/wp\/v2\/media?parent=31"}],"curies":[{"name":"wp","href":"https:\/\/api.w.org\/{rel}","templated":true}]}}