{"id":16,"date":"2020-10-01T11:51:20","date_gmt":"2020-10-01T11:51:20","guid":{"rendered":"http:\/\/certo.inoe.ro\/pegasus\/?page_id=16"},"modified":"2020-10-21T11:30:18","modified_gmt":"2020-10-21T11:30:18","slug":"plan-de-realizare","status":"publish","type":"page","link":"https:\/\/certo.inoe.ro\/pegasus\/plan-de-realizare\/","title":{"rendered":"Plan de realizare"},"content":{"rendered":"\n<h3><strong>Etapa 1: Elaborarea si proiectarea pachetului de date aeriene corelate pentru categorii de cazuistica<\/strong><\/h3>\n\n\n\n<ul><li>Act 1.1 Definirea parametrilor opera\u021bionali de intrare pentru categorii de aplica\u021bii<\/li><li>Act 1.2 Stabilirea parametrilor de ie\u0219ire ai produsului (mod de vizualizare, num\u0103r straturi, precizie, posibilit\u0103\u021bi de export si acces on-line) consider\u00e2nd cazuistica<\/li><li>Act 1.3 Elaborarea unui pachet pilot folosind date demonstrative din baza de date a INCD si \u00eembun\u0103t\u0103\u021birea acestuia prin analiza critica &#8211; PARTEA 1<\/li><li>Act 1.4 Proiectarea si dezvoltarea software-ului de vizualizare si control in timp real de la distanta pentru sistemul GPR si modific\u0103rile necesare pentru montarea GPR pe UAV \u2013 PARTEA 1<\/li><li>Act 1.5 Diseminarea rezultatelor proiectului<\/li><\/ul>\n\n\n\n<h3><strong>Etapa 2: Finalizarea si implementarea produsului in studii de caz cu o cazuistica specifica<\/strong><\/h3>\n\n\n\n<ul><li>Act 2.1 Elaborarea unui pachet pilot folosind date demonstrative din baza de date a INCD si \u00eembun\u0103t\u0103\u021birea acestuia prin analiza critica &#8211; PARTEA 2<\/li><li>Act 2.2 Proiectarea si dezvoltarea software-ului de vizualizare si control in timp real de la distanta pentru sistemul GPR si modific\u0103rile necesare pentru montarea GPR pe UAV\u00a0 &#8211; PARTEA 2<\/li><li>Act 2.3 Teste de func\u021bionare in laborator si elaborarea parametrilor generali privind programul de survol pentru\u00a0 verificarea calit\u0103\u021bii produsului final<\/li><li>Act 2.4 Campanii in-situ de achizi\u021bii de date respect\u00e2nd procedura de survol si parametrii necesarii produsului<\/li><li>Act 2.5 Procesarea si corelarea datelor aeriene in produs, respect\u00e2nd cazuistica<\/li><li>Act 2.6 Validarea pachetelor de date corelate ob\u021binut prin studii de caz de c\u0103tre o comise interna\u021bional\u0103 folosind investiga\u021bii la sol si aplicabilitatea informa\u021biilor ob\u021binute -PARTEA 1<\/li><li>Act 2.7 Diseminarea rezultatelor proiectului<\/li><\/ul>\n\n\n\n<h3><strong>Etapa 3&nbsp;: Validarea si promovarea produsului in domeniile cu aplicabilitate<\/strong><\/h3>\n\n\n\n<ul><li>Act 3.1 Validarea pachetelor de date corelate ob\u021binut prin studii de caz de c\u0103tre o comise interna\u021bional\u0103 folosind investiga\u021bii la sol si aplicabilitatea informa\u021biilor ob\u021binute &#8211; PARTEA 2<\/li><li>Act 3.2 Diseminarea rezultatelor proiectului<\/li><\/ul>\n\n\n\n<p><\/p>\n","protected":false},"excerpt":{"rendered":"<p>Etapa 1: Elaborarea si proiectarea pachetului de date aeriene corelate pentru categorii de cazuistica Act 1.1 Definirea parametrilor opera\u021bionali de intrare pentru categorii de aplica\u021bii Act 1.2 Stabilirea parametrilor de ie\u0219ire ai produsului (mod de vizualizare, num\u0103r straturi, precizie, posibilit\u0103\u021bi de export si acces on-line) consider\u00e2nd cazuistica Act 1.3 Elaborarea &hellip;<\/p>\n","protected":false},"author":1,"featured_media":0,"parent":0,"menu_order":0,"comment_status":"closed","ping_status":"closed","template":"","meta":[],"_links":{"self":[{"href":"https:\/\/certo.inoe.ro\/pegasus\/wp-json\/wp\/v2\/pages\/16"}],"collection":[{"href":"https:\/\/certo.inoe.ro\/pegasus\/wp-json\/wp\/v2\/pages"}],"about":[{"href":"https:\/\/certo.inoe.ro\/pegasus\/wp-json\/wp\/v2\/types\/page"}],"author":[{"embeddable":true,"href":"https:\/\/certo.inoe.ro\/pegasus\/wp-json\/wp\/v2\/users\/1"}],"replies":[{"embeddable":true,"href":"https:\/\/certo.inoe.ro\/pegasus\/wp-json\/wp\/v2\/comments?post=16"}],"version-history":[{"count":3,"href":"https:\/\/certo.inoe.ro\/pegasus\/wp-json\/wp\/v2\/pages\/16\/revisions"}],"predecessor-version":[{"id":49,"href":"https:\/\/certo.inoe.ro\/pegasus\/wp-json\/wp\/v2\/pages\/16\/revisions\/49"}],"wp:attachment":[{"href":"https:\/\/certo.inoe.ro\/pegasus\/wp-json\/wp\/v2\/media?parent=16"}],"curies":[{"name":"wp","href":"https:\/\/api.w.org\/{rel}","templated":true}]}}