{"id":13,"date":"2020-10-01T11:50:49","date_gmt":"2020-10-01T11:50:49","guid":{"rendered":"http:\/\/certo.inoe.ro\/pegasus\/?page_id=13"},"modified":"2020-10-21T11:03:14","modified_gmt":"2020-10-21T11:03:14","slug":"despre","status":"publish","type":"page","link":"https:\/\/certo.inoe.ro\/pegasus\/despre\/","title":{"rendered":"Despre proiect"},"content":{"rendered":"\n<p>Proiectul propune crearea unui produs pilot de corelare a datelor aeriene imagistice \u0219i geofizice (GPR), capabil s\u0103 caracterizeze cu \u00eenalt\u0103 acurate\u021be nu doar suprafa\u021ba solului dar \u0219i subsolul, rezult\u00e2nd un produs cu aplicabilitate ampl\u0103 \u00een domeniului patrimoniului cultural. Datele aeriene corelate \u0219i cartografiate precis, pot fi folosite \u00een investigarea siturilor arheologice extinse, a monumentelor istorice, \u00een inginerie civil\u0103, etc.<\/p>\n\n\n\n<p>Produsul este ob\u021binut prin utilizarea datelor livrate de un sistem inovativ ce \u00eenglobeaz\u0103 dou\u0103 elemente principale: un vehicul aerian f\u0103r\u0103 pilot (UAV), cu capacit\u0103\u021bi de detec\u021bie la distan\u021b\u0103 (LIDAR, camer\u0103 multispectral\u0103, termic\u0103 \u0219i foto de \u00eenalt\u0103 rezolu\u021bie) \u0219i un sistem radar cu penetrare \u00een sol (GPR) \u00eembun\u0103t\u0103\u021bit \u00een cadrul proiectului cu scopul de a putea fi utilizat din aer. M\u0103sur\u0103torile in-situ vor fi efectuate pe cazuistic\u0103 specific\u0103 prin amabilitatea unor muzee, asocia\u021bii \u0219i funda\u021bii din Romania care \u0219i-au dat deja acordul \u00een acest sens. Validarea pachetului de corelare a datelor se va face de c\u0103tre un comitet de validare format din speciali\u0219ti interna\u021bionali \u0219i exper\u021bi delega\u021bi, o parte din ace\u0219tia manifest\u00e2ndu-\u0219i deja interesul prin scrisori. <\/p>\n\n\n\n<p>Prin rezultatul propus se asigur\u0103 cre\u0219terea completivit\u0103\u021bii mediului economic prin asimilarea rezultatelor CDI ale organiza\u021biei de cercetare \u0219i transferul acestor rezultate c\u0103tre pia\u021b\u0103. Proiectul se bazeaz\u0103 pe o solu\u021bie software original\u0103, identificat\u0103 de INCD ca urmare a experien\u021bei ample \u0219i a cunoa\u0219terii \u00een detaliu a problemelor \u00een acest domeniu (campanii de investigare\/documentare desf\u0103\u0219urate pe situri arheologice \u0219i monumente istorice ) care aduce o valoare ad\u0103ugat\u0103 semnificativ\u0103, valoriz\u00e2nd experien\u021ba \u0219i cuno\u0219tin\u021bele anterioare acumulate.\u00a0 Produsul este \u00een concordan\u021b\u0103 cu tendin\u021bele \u00een zona digitiz\u0103rii patrimoniului cultural (ex. programul european DIGICULT) \u0219i cu platformele europene de tip ARCHLAB, DIGILAB \u0219i MOLAB, fapt ce ii asigur\u0103 o deschidere pe pia\u021ba intern\u0103 \u0219i interna\u021bional\u0103.<\/p>\n","protected":false},"excerpt":{"rendered":"<p>Proiectul propune crearea unui produs pilot de corelare a datelor aeriene imagistice \u0219i geofizice (GPR), capabil s\u0103 caracterizeze cu \u00eenalt\u0103 acurate\u021be nu doar suprafa\u021ba solului dar \u0219i subsolul, rezult\u00e2nd un produs cu aplicabilitate ampl\u0103 \u00een domeniului patrimoniului cultural. Datele aeriene corelate \u0219i cartografiate precis, pot fi folosite \u00een investigarea siturilor &hellip;<\/p>\n","protected":false},"author":1,"featured_media":0,"parent":0,"menu_order":0,"comment_status":"closed","ping_status":"closed","template":"","meta":[],"_links":{"self":[{"href":"https:\/\/certo.inoe.ro\/pegasus\/wp-json\/wp\/v2\/pages\/13"}],"collection":[{"href":"https:\/\/certo.inoe.ro\/pegasus\/wp-json\/wp\/v2\/pages"}],"about":[{"href":"https:\/\/certo.inoe.ro\/pegasus\/wp-json\/wp\/v2\/types\/page"}],"author":[{"embeddable":true,"href":"https:\/\/certo.inoe.ro\/pegasus\/wp-json\/wp\/v2\/users\/1"}],"replies":[{"embeddable":true,"href":"https:\/\/certo.inoe.ro\/pegasus\/wp-json\/wp\/v2\/comments?post=13"}],"version-history":[{"count":3,"href":"https:\/\/certo.inoe.ro\/pegasus\/wp-json\/wp\/v2\/pages\/13\/revisions"}],"predecessor-version":[{"id":41,"href":"https:\/\/certo.inoe.ro\/pegasus\/wp-json\/wp\/v2\/pages\/13\/revisions\/41"}],"wp:attachment":[{"href":"https:\/\/certo.inoe.ro\/pegasus\/wp-json\/wp\/v2\/media?parent=13"}],"curies":[{"name":"wp","href":"https:\/\/api.w.org\/{rel}","templated":true}]}}